{"id":1156,"date":"2020-12-21T21:07:49","date_gmt":"2020-12-21T19:07:49","guid":{"rendered":"http:\/\/bagdonas.net\/wp\/?page_id=1156"},"modified":"2024-11-06T13:10:15","modified_gmt":"2024-11-06T11:10:15","slug":"valio","status":"publish","type":"page","link":"https:\/\/socialinisverslas.inovacijuagentura.lt\/en\/valio\/","title":{"rendered":"Valio!"},"content":{"rendered":"<div class=\"wp-block-group alignfull\"><div class=\"wp-block-group__inner-container is-layout-flow wp-block-group-is-layout-flow\">\n<div class=\"wp-block-media-text alignwide is-stacked-on-mobile tw-img-rounded tw-stack-md\"><figure class=\"wp-block-media-text__media\"><img loading=\"lazy\" decoding=\"async\" width=\"800\" height=\"640\" src=\"https:\/\/socialinisverslas.inovacijuagentura.lt\/wp-content\/uploads\/2020\/12\/keith-luke-GUAcpXPyFRc-unsplash.png\" alt=\"\" class=\"wp-image-1159\" srcset=\"https:\/\/socialinisverslas.inovacijuagentura.lt\/wp-content\/uploads\/2020\/12\/keith-luke-GUAcpXPyFRc-unsplash.png 800w, https:\/\/socialinisverslas.inovacijuagentura.lt\/wp-content\/uploads\/2020\/12\/keith-luke-GUAcpXPyFRc-unsplash-300x240.png 300w, https:\/\/socialinisverslas.inovacijuagentura.lt\/wp-content\/uploads\/2020\/12\/keith-luke-GUAcpXPyFRc-unsplash-768x614.png 768w, https:\/\/socialinisverslas.inovacijuagentura.lt\/wp-content\/uploads\/2020\/12\/keith-luke-GUAcpXPyFRc-unsplash-16x12.png 16w\" sizes=\"auto, (max-width: 800px) 100vw, 800px\" \/><\/figure><div class=\"wp-block-media-text__content\">\n<h2 class=\"has-accent-color has-text-color wp-block-heading\">Congratulations <span style=\"color:#f6c532\" class=\"has-inline-color\">on finishing the learning<\/span> program!<\/h2>\n\n\n\n<p>We hope that you found helpful insights, understood your impact and value created better. Now, go and change the world!\ud83d\udc9b<\/p>\n<\/div><\/div>\n<\/div><\/div>","protected":false},"excerpt":{"rendered":"<p>Sveikiname pabaigus mokym\u0173 program\u0105! Tikim\u0117s, jog radai nauding\u0173 \u012f\u017evalg\u0173, perpratai savo organizacijos kuriam\u0105 poveik\u012f bei vert\u0119. Linkime nesustoti ir pakeisti pasaul\u012f!\ud83d\udc9b<\/p>","protected":false},"author":547,"featured_media":0,"parent":0,"menu_order":0,"comment_status":"closed","ping_status":"closed","template":"tw-no-title.php","meta":{"footnotes":""},"class_list":["post-1156","page","type-page","status-publish","hentry"],"yoast_head":"<!-- This site is optimized with the Yoast SEO plugin v27.3 - https:\/\/yoast.com\/product\/yoast-seo-wordpress\/ -->\n<title>Valio! - Socialinis verslas<\/title>\n<meta name=\"robots\" content=\"index, follow, max-snippet:-1, max-image-preview:large, max-video-preview:-1\" \/>\n<link rel=\"canonical\" href=\"https:\/\/socialinisverslas.inovacijuagentura.lt\/en\/valio\/\" \/>\n<meta property=\"og:locale\" content=\"en_US\" \/>\n<meta property=\"og:type\" content=\"article\" \/>\n<meta property=\"og:title\" content=\"Valio! - Socialinis verslas\" \/>\n<meta property=\"og:description\" content=\"Sveikiname pabaigus mokym\u0173 program\u0105! Tikim\u0117s, jog radai nauding\u0173 \u012f\u017evalg\u0173, perpratai savo organizacijos kuriam\u0105 poveik\u012f bei vert\u0119. Linkime nesustoti ir pakeisti pasaul\u012f!\ud83d\udc9b\" \/>\n<meta property=\"og:url\" content=\"https:\/\/socialinisverslas.inovacijuagentura.lt\/en\/valio\/\" \/>\n<meta property=\"og:site_name\" content=\"Socialinis verslas\" \/>\n<meta property=\"article:modified_time\" content=\"2024-11-06T11:10:15+00:00\" \/>\n<meta property=\"og:image\" content=\"https:\/\/socialinisverslas.inovacijuagentura.lt\/wp-content\/uploads\/2020\/12\/keith-luke-GUAcpXPyFRc-unsplash.png\" \/>\n<meta name=\"twitter:card\" content=\"summary_large_image\" \/>\n<script type=\"application\/ld+json\" class=\"yoast-schema-graph\">{\"@context\":\"https:\\\/\\\/schema.org\",\"@graph\":[{\"@type\":\"WebPage\",\"@id\":\"https:\\\/\\\/socialinisverslas.inovacijuagentura.lt\\\/valio\\\/\",\"url\":\"https:\\\/\\\/socialinisverslas.inovacijuagentura.lt\\\/valio\\\/\",\"name\":\"Valio! - Socialinis verslas\",\"isPartOf\":{\"@id\":\"https:\\\/\\\/socialinisverslas.inovacijuagentura.lt\\\/#website\"},\"primaryImageOfPage\":{\"@id\":\"https:\\\/\\\/socialinisverslas.inovacijuagentura.lt\\\/valio\\\/#primaryimage\"},\"image\":{\"@id\":\"https:\\\/\\\/socialinisverslas.inovacijuagentura.lt\\\/valio\\\/#primaryimage\"},\"thumbnailUrl\":\"https:\\\/\\\/socialinisverslas.inovacijuagentura.lt\\\/wp-content\\\/uploads\\\/2020\\\/12\\\/keith-luke-GUAcpXPyFRc-unsplash.png\",\"datePublished\":\"2020-12-21T19:07:49+00:00\",\"dateModified\":\"2024-11-06T11:10:15+00:00\",\"breadcrumb\":{\"@id\":\"https:\\\/\\\/socialinisverslas.inovacijuagentura.lt\\\/valio\\\/#breadcrumb\"},\"inLanguage\":\"en-US\",\"potentialAction\":[{\"@type\":\"ReadAction\",\"target\":[\"https:\\\/\\\/socialinisverslas.inovacijuagentura.lt\\\/valio\\\/\"]}]},{\"@type\":\"ImageObject\",\"inLanguage\":\"en-US\",\"@id\":\"https:\\\/\\\/socialinisverslas.inovacijuagentura.lt\\\/valio\\\/#primaryimage\",\"url\":\"https:\\\/\\\/socialinisverslas.inovacijuagentura.lt\\\/wp-content\\\/uploads\\\/2020\\\/12\\\/keith-luke-GUAcpXPyFRc-unsplash.png\",\"contentUrl\":\"https:\\\/\\\/socialinisverslas.inovacijuagentura.lt\\\/wp-content\\\/uploads\\\/2020\\\/12\\\/keith-luke-GUAcpXPyFRc-unsplash.png\"},{\"@type\":\"BreadcrumbList\",\"@id\":\"https:\\\/\\\/socialinisverslas.inovacijuagentura.lt\\\/valio\\\/#breadcrumb\",\"itemListElement\":[{\"@type\":\"ListItem\",\"position\":1,\"name\":\"Home\",\"item\":\"https:\\\/\\\/socialinisverslas.inovacijuagentura.lt\\\/\"},{\"@type\":\"ListItem\",\"position\":2,\"name\":\"Valio!\"}]},{\"@type\":\"WebSite\",\"@id\":\"https:\\\/\\\/socialinisverslas.inovacijuagentura.lt\\\/#website\",\"url\":\"https:\\\/\\\/socialinisverslas.inovacijuagentura.lt\\\/\",\"name\":\"Socialinis verslas\",\"description\":\"\",\"publisher\":{\"@id\":\"https:\\\/\\\/socialinisverslas.inovacijuagentura.lt\\\/#organization\"},\"potentialAction\":[{\"@type\":\"SearchAction\",\"target\":{\"@type\":\"EntryPoint\",\"urlTemplate\":\"https:\\\/\\\/socialinisverslas.inovacijuagentura.lt\\\/?s={search_term_string}\"},\"query-input\":{\"@type\":\"PropertyValueSpecification\",\"valueRequired\":true,\"valueName\":\"search_term_string\"}}],\"inLanguage\":\"en-US\"},{\"@type\":\"Organization\",\"@id\":\"https:\\\/\\\/socialinisverslas.inovacijuagentura.lt\\\/#organization\",\"name\":\"Socialinis verslas\",\"url\":\"https:\\\/\\\/socialinisverslas.inovacijuagentura.lt\\\/\",\"logo\":{\"@type\":\"ImageObject\",\"inLanguage\":\"en-US\",\"@id\":\"https:\\\/\\\/socialinisverslas.inovacijuagentura.lt\\\/#\\\/schema\\\/logo\\\/image\\\/\",\"url\":\"https:\\\/\\\/socialinisverslas.verslilietuva.lt\\\/wp-content\\\/uploads\\\/2020\\\/12\\\/turiuversla.png\",\"contentUrl\":\"https:\\\/\\\/socialinisverslas.verslilietuva.lt\\\/wp-content\\\/uploads\\\/2020\\\/12\\\/turiuversla.png\",\"width\":418,\"height\":406,\"caption\":\"Socialinis verslas\"},\"image\":{\"@id\":\"https:\\\/\\\/socialinisverslas.inovacijuagentura.lt\\\/#\\\/schema\\\/logo\\\/image\\\/\"}}]}<\/script>\n<!-- \/ Yoast SEO plugin. -->","yoast_head_json":{"title":"Valio! - Socialinis verslas","robots":{"index":"index","follow":"follow","max-snippet":"max-snippet:-1","max-image-preview":"max-image-preview:large","max-video-preview":"max-video-preview:-1"},"canonical":"https:\/\/socialinisverslas.inovacijuagentura.lt\/en\/valio\/","og_locale":"en_US","og_type":"article","og_title":"Valio! - Socialinis verslas","og_description":"Sveikiname pabaigus mokym\u0173 program\u0105! Tikim\u0117s, jog radai nauding\u0173 \u012f\u017evalg\u0173, perpratai savo organizacijos kuriam\u0105 poveik\u012f bei vert\u0119. Linkime nesustoti ir pakeisti pasaul\u012f!\ud83d\udc9b","og_url":"https:\/\/socialinisverslas.inovacijuagentura.lt\/en\/valio\/","og_site_name":"Socialinis verslas","article_modified_time":"2024-11-06T11:10:15+00:00","og_image":[{"url":"https:\/\/socialinisverslas.inovacijuagentura.lt\/wp-content\/uploads\/2020\/12\/keith-luke-GUAcpXPyFRc-unsplash.png","type":"","width":"","height":""}],"twitter_card":"summary_large_image","schema":{"@context":"https:\/\/schema.org","@graph":[{"@type":"WebPage","@id":"https:\/\/socialinisverslas.inovacijuagentura.lt\/valio\/","url":"https:\/\/socialinisverslas.inovacijuagentura.lt\/valio\/","name":"Valio! - Socialinis verslas","isPartOf":{"@id":"https:\/\/socialinisverslas.inovacijuagentura.lt\/#website"},"primaryImageOfPage":{"@id":"https:\/\/socialinisverslas.inovacijuagentura.lt\/valio\/#primaryimage"},"image":{"@id":"https:\/\/socialinisverslas.inovacijuagentura.lt\/valio\/#primaryimage"},"thumbnailUrl":"https:\/\/socialinisverslas.inovacijuagentura.lt\/wp-content\/uploads\/2020\/12\/keith-luke-GUAcpXPyFRc-unsplash.png","datePublished":"2020-12-21T19:07:49+00:00","dateModified":"2024-11-06T11:10:15+00:00","breadcrumb":{"@id":"https:\/\/socialinisverslas.inovacijuagentura.lt\/valio\/#breadcrumb"},"inLanguage":"en-US","potentialAction":[{"@type":"ReadAction","target":["https:\/\/socialinisverslas.inovacijuagentura.lt\/valio\/"]}]},{"@type":"ImageObject","inLanguage":"en-US","@id":"https:\/\/socialinisverslas.inovacijuagentura.lt\/valio\/#primaryimage","url":"https:\/\/socialinisverslas.inovacijuagentura.lt\/wp-content\/uploads\/2020\/12\/keith-luke-GUAcpXPyFRc-unsplash.png","contentUrl":"https:\/\/socialinisverslas.inovacijuagentura.lt\/wp-content\/uploads\/2020\/12\/keith-luke-GUAcpXPyFRc-unsplash.png"},{"@type":"BreadcrumbList","@id":"https:\/\/socialinisverslas.inovacijuagentura.lt\/valio\/#breadcrumb","itemListElement":[{"@type":"ListItem","position":1,"name":"Home","item":"https:\/\/socialinisverslas.inovacijuagentura.lt\/"},{"@type":"ListItem","position":2,"name":"Valio!"}]},{"@type":"WebSite","@id":"https:\/\/socialinisverslas.inovacijuagentura.lt\/#website","url":"https:\/\/socialinisverslas.inovacijuagentura.lt\/","name":"Social Enterprise","description":"","publisher":{"@id":"https:\/\/socialinisverslas.inovacijuagentura.lt\/#organization"},"potentialAction":[{"@type":"SearchAction","target":{"@type":"EntryPoint","urlTemplate":"https:\/\/socialinisverslas.inovacijuagentura.lt\/?s={search_term_string}"},"query-input":{"@type":"PropertyValueSpecification","valueRequired":true,"valueName":"search_term_string"}}],"inLanguage":"en-US"},{"@type":"Organization","@id":"https:\/\/socialinisverslas.inovacijuagentura.lt\/#organization","name":"Social Enterprise","url":"https:\/\/socialinisverslas.inovacijuagentura.lt\/","logo":{"@type":"ImageObject","inLanguage":"en-US","@id":"https:\/\/socialinisverslas.inovacijuagentura.lt\/#\/schema\/logo\/image\/","url":"https:\/\/socialinisverslas.verslilietuva.lt\/wp-content\/uploads\/2020\/12\/turiuversla.png","contentUrl":"https:\/\/socialinisverslas.verslilietuva.lt\/wp-content\/uploads\/2020\/12\/turiuversla.png","width":418,"height":406,"caption":"Socialinis verslas"},"image":{"@id":"https:\/\/socialinisverslas.inovacijuagentura.lt\/#\/schema\/logo\/image\/"}}]}},"_links":{"self":[{"href":"https:\/\/socialinisverslas.inovacijuagentura.lt\/en\/wp-json\/wp\/v2\/pages\/1156","targetHints":{"allow":["GET"]}}],"collection":[{"href":"https:\/\/socialinisverslas.inovacijuagentura.lt\/en\/wp-json\/wp\/v2\/pages"}],"about":[{"href":"https:\/\/socialinisverslas.inovacijuagentura.lt\/en\/wp-json\/wp\/v2\/types\/page"}],"author":[{"embeddable":true,"href":"https:\/\/socialinisverslas.inovacijuagentura.lt\/en\/wp-json\/wp\/v2\/users\/547"}],"replies":[{"embeddable":true,"href":"https:\/\/socialinisverslas.inovacijuagentura.lt\/en\/wp-json\/wp\/v2\/comments?post=1156"}],"version-history":[{"count":2,"href":"https:\/\/socialinisverslas.inovacijuagentura.lt\/en\/wp-json\/wp\/v2\/pages\/1156\/revisions"}],"predecessor-version":[{"id":1165,"href":"https:\/\/socialinisverslas.inovacijuagentura.lt\/en\/wp-json\/wp\/v2\/pages\/1156\/revisions\/1165"}],"wp:attachment":[{"href":"https:\/\/socialinisverslas.inovacijuagentura.lt\/en\/wp-json\/wp\/v2\/media?parent=1156"}],"curies":[{"name":"wp","href":"https:\/\/api.w.org\/{rel}","templated":true}]}}