{"id":58,"date":"2020-11-30T20:18:15","date_gmt":"2020-11-30T20:18:15","guid":{"rendered":"http:\/\/bagdonas.net\/wp\/?page_id=58"},"modified":"2024-11-06T13:09:56","modified_gmt":"2024-11-06T11:09:56","slug":"learning-platform","status":"publish","type":"page","link":"https:\/\/socialinisverslas.inovacijuagentura.lt\/en\/learning-platform\/","title":{"rendered":"Learning Platform"},"content":{"rendered":"<div class=\"wp-block-group alignfull\"><div class=\"wp-block-group__inner-container is-layout-flow wp-block-group-is-layout-flow\">\n<div class=\"wp-block-columns alignwide are-vertically-aligned-center tw-cols-stack-md tw-gutter-large is-layout-flex wp-container-core-columns-is-layout-d0b3c9c8 wp-block-columns-is-layout-flex\">\n<div class=\"wp-block-column is-vertically-aligned-center is-layout-flow wp-block-column-is-layout-flow\">\n<h2 class=\"wp-block-heading has-accent-color has-text-color has-h-2-font-size\"><strong>A learning platform <span style=\"color:#f6c532\" class=\"has-inline-color\"><br>made for social enterprises<\/span><\/strong><\/h2>\n\n\n\n<p class=\"has-h-5-font-size\">This learning platform is created for Lithuanian social entrepreneurs and is available to registered users. Six topics go through the main elements of social enterpises, provide tasks, tests, and useful information to help social entrepreneurs prepare for measuring impact or develop a sustainable business model. Register now!<\/p>\n\n\n\n<div class=\"wp-block-buttons is-horizontal is-content-justification-center is-layout-flex wp-container-core-buttons-is-layout-03627597 wp-block-buttons-is-layout-flex\">\n<div class=\"wp-block-button is-style-fill\"><a class=\"wp-block-button__link has-primary-color has-text-color has-background wp-element-button\" href=\"https:\/\/socialinisverslas.inovacijuagentura.lt\/en\/registration\/\" style=\"background-color:#f6c532\">I have a social enterprise<\/a><\/div>\n\n\n\n<div class=\"wp-block-button\"><a class=\"wp-block-button__link wp-element-button\" href=\"https:\/\/socialinisverslas.inovacijuagentura.lt\/en\/idea\/\">I have an idea<\/a><\/div>\n<\/div>\n<\/div>\n\n\n\n<div class=\"wp-block-column is-vertically-aligned-center is-layout-flow wp-block-column-is-layout-flow\">\n<figure class=\"wp-block-embed is-type-video is-provider-youtube wp-block-embed-youtube wp-embed-aspect-16-9 wp-has-aspect-ratio\"><div class=\"wp-block-embed__wrapper\">\n<iframe loading=\"lazy\" title=\"Daugiau socialinio verslo - ma\u017eiau problem\u0173! T0 Socialinis verslas\" width=\"580\" height=\"326\" src=\"https:\/\/www.youtube.com\/embed\/hIzT9ik_N8Y?feature=oembed\" frameborder=\"0\" allow=\"accelerometer; autoplay; clipboard-write; encrypted-media; gyroscope; picture-in-picture; web-share\" referrerpolicy=\"strict-origin-when-cross-origin\" allowfullscreen><\/iframe>\n<\/div><\/figure>\n<\/div>\n<\/div>\n<\/div><\/div>\n\n\n\n<div class=\"wp-block-group alignfull has-background\" style=\"background-color:#f6c532\"><div class=\"wp-block-group__inner-container is-layout-flow wp-block-group-is-layout-flow\">\n<h2 class=\"wp-block-heading alignwide has-text-align-center has-background-color has-text-color has-h-2-font-size\">Six topics are waiting for you on the learning platform <\/h2>\n<\/div><\/div>\n\n\n\n<div class=\"wp-block-group alignfull\"><div class=\"wp-block-group__inner-container is-layout-flow wp-block-group-is-layout-flow\">\n<h2 class=\"wp-block-heading has-text-align-center has-h-4-font-size\">Choose a topic that is relevant to you<\/h2>\n\n\n\n<div class=\"wp-block-columns alignfull is-layout-flex wp-container-core-columns-is-layout-d0b3c9c8 wp-block-columns-is-layout-flex\">\n<div class=\"wp-block-column is-layout-flow wp-block-column-is-layout-flow\">\n<div class=\"wp-block-cover is-light tw-rounded is-style-default\"><span aria-hidden=\"true\" class=\"wp-block-cover__background has-background-background-color has-background-dim-20 has-background-dim\"><\/span><img loading=\"lazy\" decoding=\"async\" width=\"496\" height=\"250\" sizes=\"auto, (max-width: 799px) 200vw, (max-width: 496px) 100vw, 496px\" class=\"wp-block-cover__image-background wp-image-496\" alt=\"\" src=\"https:\/\/socialinisverslas.inovacijuagentura.lt\/wp-content\/uploads\/2020\/12\/mazas-2.png\" data-object-fit=\"cover\" srcset=\"https:\/\/socialinisverslas.inovacijuagentura.lt\/wp-content\/uploads\/2020\/12\/mazas-2.png 496w, https:\/\/socialinisverslas.inovacijuagentura.lt\/wp-content\/uploads\/2020\/12\/mazas-2-300x151.png 300w, https:\/\/socialinisverslas.inovacijuagentura.lt\/wp-content\/uploads\/2020\/12\/mazas-2-16x8.png 16w\" \/><div class=\"wp-block-cover__inner-container is-layout-flow wp-block-cover-is-layout-flow\">\n<p class=\"has-text-align-center has-large-font-size\">Topic 1<br><strong>Problem Analysis<\/strong><\/p>\n\n\n\n<div class=\"wp-block-buttons tw-btn-full is-layout-flex wp-block-buttons-is-layout-flex\">\n<div class=\"wp-block-button\"><a class=\"wp-block-button__link has-background wp-element-button\" href=\"https:\/\/socialinisverslas.inovacijuagentura.lt\/en\/learning-platform\/topic-1\/\" style=\"background-color:#f6c532\" rel=\"https:\/\/socialinisverslas.inovacijuagentura.lt\/learning-platform\/topic-1\/\">Choose topic<\/a><\/div>\n<\/div>\n\n\n\n<p><\/p>\n<\/div><\/div>\n<\/div>\n\n\n\n<div class=\"wp-block-column is-layout-flow wp-block-column-is-layout-flow\">\n<div class=\"wp-block-cover is-light tw-rounded\"><span aria-hidden=\"true\" class=\"wp-block-cover__background has-background-background-color has-background-dim-20 has-background-dim\"><\/span><img loading=\"lazy\" decoding=\"async\" width=\"496\" height=\"250\" sizes=\"auto, (max-width: 799px) 200vw, (max-width: 496px) 100vw, 496px\" class=\"wp-block-cover__image-background wp-image-496\" alt=\"\" src=\"https:\/\/socialinisverslas.inovacijuagentura.lt\/wp-content\/uploads\/2020\/12\/mazas-2.png\" data-object-fit=\"cover\" srcset=\"https:\/\/socialinisverslas.inovacijuagentura.lt\/wp-content\/uploads\/2020\/12\/mazas-2.png 496w, https:\/\/socialinisverslas.inovacijuagentura.lt\/wp-content\/uploads\/2020\/12\/mazas-2-300x151.png 300w, https:\/\/socialinisverslas.inovacijuagentura.lt\/wp-content\/uploads\/2020\/12\/mazas-2-16x8.png 16w\" \/><div class=\"wp-block-cover__inner-container is-layout-flow wp-block-cover-is-layout-flow\">\n<p class=\"has-text-align-center has-large-font-size\">Topic 2<br><strong>Target Group<\/strong><\/p>\n\n\n\n<div class=\"wp-block-buttons tw-btn-full is-layout-flex wp-block-buttons-is-layout-flex\">\n<div class=\"wp-block-button\"><a class=\"wp-block-button__link has-background wp-element-button\" href=\"https:\/\/socialinisverslas.inovacijuagentura.lt\/en\/learning-platform\/tiksline-grupe\/\" style=\"background-color:#f6c532\">Choose topic<\/a><\/div>\n<\/div>\n\n\n\n<p><\/p>\n<\/div><\/div>\n<\/div>\n\n\n\n<div class=\"wp-block-column is-layout-flow wp-block-column-is-layout-flow\">\n<div class=\"wp-block-cover is-light tw-rounded is-style-default\"><span aria-hidden=\"true\" class=\"wp-block-cover__background has-background-background-color has-background-dim-20 has-background-dim\"><\/span><img loading=\"lazy\" decoding=\"async\" width=\"496\" height=\"250\" sizes=\"auto, (max-width: 799px) 200vw, (max-width: 496px) 100vw, 496px\" class=\"wp-block-cover__image-background wp-image-496\" alt=\"\" src=\"https:\/\/socialinisverslas.inovacijuagentura.lt\/wp-content\/uploads\/2020\/12\/mazas-2.png\" data-object-fit=\"cover\" srcset=\"https:\/\/socialinisverslas.inovacijuagentura.lt\/wp-content\/uploads\/2020\/12\/mazas-2.png 496w, https:\/\/socialinisverslas.inovacijuagentura.lt\/wp-content\/uploads\/2020\/12\/mazas-2-300x151.png 300w, https:\/\/socialinisverslas.inovacijuagentura.lt\/wp-content\/uploads\/2020\/12\/mazas-2-16x8.png 16w\" \/><div class=\"wp-block-cover__inner-container is-layout-flow wp-block-cover-is-layout-flow\">\n<p class=\"has-text-align-center has-large-font-size\">Topic 3<br><strong>Theory of Change<\/strong><\/p>\n\n\n\n<div class=\"wp-block-buttons tw-btn-full is-layout-flex wp-block-buttons-is-layout-flex\">\n<div class=\"wp-block-button\"><a class=\"wp-block-button__link has-background wp-element-button\" href=\"https:\/\/socialinisverslas.inovacijuagentura.lt\/en\/learning-platform\/pokycio-teorija\/\" style=\"background-color:#f6c532\">Choose topic<\/a><\/div>\n<\/div>\n\n\n\n<p><\/p>\n<\/div><\/div>\n<\/div>\n<\/div>\n\n\n\n<div class=\"wp-block-columns alignfull is-layout-flex wp-container-core-columns-is-layout-d0b3c9c8 wp-block-columns-is-layout-flex\">\n<div class=\"wp-block-column is-layout-flow wp-block-column-is-layout-flow\">\n<div class=\"wp-block-cover is-light tw-rounded\"><span aria-hidden=\"true\" class=\"wp-block-cover__background has-background-background-color has-background-dim-20 has-background-dim\"><\/span><img loading=\"lazy\" decoding=\"async\" width=\"496\" height=\"250\" sizes=\"auto, (max-width: 799px) 200vw, (max-width: 496px) 100vw, 496px\" class=\"wp-block-cover__image-background wp-image-496\" alt=\"\" src=\"https:\/\/socialinisverslas.inovacijuagentura.lt\/wp-content\/uploads\/2020\/12\/mazas-2.png\" data-object-fit=\"cover\" srcset=\"https:\/\/socialinisverslas.inovacijuagentura.lt\/wp-content\/uploads\/2020\/12\/mazas-2.png 496w, https:\/\/socialinisverslas.inovacijuagentura.lt\/wp-content\/uploads\/2020\/12\/mazas-2-300x151.png 300w, https:\/\/socialinisverslas.inovacijuagentura.lt\/wp-content\/uploads\/2020\/12\/mazas-2-16x8.png 16w\" \/><div class=\"wp-block-cover__inner-container is-layout-flow wp-block-cover-is-layout-flow\">\n<p class=\"has-text-align-center has-large-font-size\">Topic 4<br><strong>Impact Measurement<\/strong><\/p>\n\n\n\n<div class=\"wp-block-buttons tw-btn-full is-layout-flex wp-block-buttons-is-layout-flex\">\n<div class=\"wp-block-button\"><a class=\"wp-block-button__link has-background wp-element-button\" href=\"https:\/\/socialinisverslas.inovacijuagentura.lt\/en\/learning-platform\/poveikio-matavimas\/\" style=\"background-color:#f6c532\">Choose topic<\/a><\/div>\n<\/div>\n\n\n\n<p><\/p>\n<\/div><\/div>\n<\/div>\n\n\n\n<div class=\"wp-block-column is-layout-flow wp-block-column-is-layout-flow\">\n<div class=\"wp-block-cover is-light tw-rounded\"><span aria-hidden=\"true\" class=\"wp-block-cover__background has-background-background-color has-background-dim-20 has-background-dim\"><\/span><img loading=\"lazy\" decoding=\"async\" width=\"496\" height=\"250\" sizes=\"auto, (max-width: 799px) 200vw, (max-width: 496px) 100vw, 496px\" class=\"wp-block-cover__image-background wp-image-496\" alt=\"\" src=\"https:\/\/socialinisverslas.inovacijuagentura.lt\/wp-content\/uploads\/2020\/12\/mazas-2.png\" data-object-fit=\"cover\" srcset=\"https:\/\/socialinisverslas.inovacijuagentura.lt\/wp-content\/uploads\/2020\/12\/mazas-2.png 496w, https:\/\/socialinisverslas.inovacijuagentura.lt\/wp-content\/uploads\/2020\/12\/mazas-2-300x151.png 300w, https:\/\/socialinisverslas.inovacijuagentura.lt\/wp-content\/uploads\/2020\/12\/mazas-2-16x8.png 16w\" \/><div class=\"wp-block-cover__inner-container is-layout-flow wp-block-cover-is-layout-flow\">\n<p class=\"has-text-align-center has-large-font-size\">Topic 5<br><strong>The market<\/strong><\/p>\n\n\n\n<div class=\"wp-block-buttons tw-btn-full is-layout-flex wp-block-buttons-is-layout-flex\">\n<div class=\"wp-block-button\"><a class=\"wp-block-button__link has-background wp-element-button\" href=\"https:\/\/socialinisverslas.inovacijuagentura.lt\/en\/learning-platform\/rinka\/\" style=\"background-color:#f6c532\">Choose topic<\/a><\/div>\n<\/div>\n\n\n\n<p><\/p>\n<\/div><\/div>\n<\/div>\n\n\n\n<div class=\"wp-block-column is-layout-flow wp-block-column-is-layout-flow\">\n<div class=\"wp-block-cover is-light tw-rounded\"><span aria-hidden=\"true\" class=\"wp-block-cover__background has-background-background-color has-background-dim-20 has-background-dim\"><\/span><img loading=\"lazy\" decoding=\"async\" width=\"496\" height=\"250\" sizes=\"auto, (max-width: 799px) 200vw, (max-width: 496px) 100vw, 496px\" class=\"wp-block-cover__image-background wp-image-496\" alt=\"\" src=\"https:\/\/socialinisverslas.inovacijuagentura.lt\/wp-content\/uploads\/2020\/12\/mazas-2.png\" data-object-fit=\"cover\" srcset=\"https:\/\/socialinisverslas.inovacijuagentura.lt\/wp-content\/uploads\/2020\/12\/mazas-2.png 496w, https:\/\/socialinisverslas.inovacijuagentura.lt\/wp-content\/uploads\/2020\/12\/mazas-2-300x151.png 300w, https:\/\/socialinisverslas.inovacijuagentura.lt\/wp-content\/uploads\/2020\/12\/mazas-2-16x8.png 16w\" \/><div class=\"wp-block-cover__inner-container is-layout-flow wp-block-cover-is-layout-flow\">\n<p class=\"has-text-align-center has-large-font-size\">Topic 6<br><strong>Business Model<\/strong><\/p>\n\n\n\n<div class=\"wp-block-buttons tw-btn-full is-layout-flex wp-block-buttons-is-layout-flex\">\n<div class=\"wp-block-button\"><a class=\"wp-block-button__link has-background wp-element-button\" href=\"https:\/\/socialinisverslas.inovacijuagentura.lt\/en\/learning-platform\/verslo-modelis\/\" style=\"background-color:#f6c532\">Choose topic<\/a><\/div>\n<\/div>\n\n\n\n<p><\/p>\n<\/div><\/div>\n<\/div>\n<\/div>\n<\/div><\/div>\n\n\n\n<p><\/p>","protected":false},"excerpt":{"rendered":"<p>Mokymai, subalansuoti socialiniam verslui U\u017esiregistravusiems lankytojams prieinama mokym\u0173 platforma, sukurta specialiai Lietuvos socialiniams verslininkams. \u0160e\u0161iose temose apra\u0161omi pagrindiniai socialinio verslo elementai, pateikiamos u\u017eduotys, testai, naudinga informacija &#8211; padedanti ruo\u0161iantis matuoti poveik\u012f ar ie\u0161kant tvaraus veiklos modelio. Prisijunk! Mokym\u0173 platformoje laukia 6 temos Pasirinkite jums aktuali\u0105 tem\u0105<\/p>","protected":false},"author":547,"featured_media":0,"parent":0,"menu_order":0,"comment_status":"closed","ping_status":"closed","template":"tw-header-transparent.php","meta":{"footnotes":""},"class_list":["post-58","page","type-page","status-publish","hentry"],"yoast_head":"<!-- This site is optimized with the Yoast SEO plugin v27.3 - https:\/\/yoast.com\/product\/yoast-seo-wordpress\/ -->\n<title>Mokym\u0173 platforma - Socialinis verslas<\/title>\n<meta name=\"robots\" content=\"index, follow, max-snippet:-1, max-image-preview:large, max-video-preview:-1\" \/>\n<link rel=\"canonical\" href=\"https:\/\/socialinisverslas.inovacijuagentura.lt\/en\/learning-platform\/\" \/>\n<meta property=\"og:locale\" content=\"en_US\" \/>\n<meta property=\"og:type\" content=\"article\" \/>\n<meta property=\"og:title\" content=\"Mokym\u0173 platforma - Socialinis verslas\" \/>\n<meta property=\"og:description\" content=\"Mokymai, subalansuoti socialiniam verslui U\u017esiregistravusiems lankytojams prieinama mokym\u0173 platforma, sukurta specialiai Lietuvos socialiniams verslininkams. \u0160e\u0161iose temose apra\u0161omi pagrindiniai socialinio verslo elementai, pateikiamos u\u017eduotys, testai, naudinga informacija &#8211; padedanti ruo\u0161iantis matuoti poveik\u012f ar ie\u0161kant tvaraus veiklos modelio. Prisijunk! Mokym\u0173 platformoje laukia 6 temos Pasirinkite jums aktuali\u0105 tem\u0105\" \/>\n<meta property=\"og:url\" content=\"https:\/\/socialinisverslas.inovacijuagentura.lt\/en\/learning-platform\/\" \/>\n<meta property=\"og:site_name\" content=\"Socialinis verslas\" \/>\n<meta property=\"article:modified_time\" content=\"2024-11-06T11:09:56+00:00\" \/>\n<meta property=\"og:image\" content=\"https:\/\/socialinisverslas.inovacijuagentura.lt\/wp-content\/uploads\/2020\/12\/mazas-2.png\" \/>\n<meta name=\"twitter:card\" content=\"summary_large_image\" \/>\n<meta name=\"twitter:label1\" content=\"Est. reading time\" \/>\n\t<meta name=\"twitter:data1\" content=\"2 minutes\" \/>\n<script type=\"application\/ld+json\" class=\"yoast-schema-graph\">{\"@context\":\"https:\\\/\\\/schema.org\",\"@graph\":[{\"@type\":\"WebPage\",\"@id\":\"https:\\\/\\\/socialinisverslas.inovacijuagentura.lt\\\/learning-platform\\\/\",\"url\":\"https:\\\/\\\/socialinisverslas.inovacijuagentura.lt\\\/learning-platform\\\/\",\"name\":\"Mokym\u0173 platforma - Socialinis verslas\",\"isPartOf\":{\"@id\":\"https:\\\/\\\/socialinisverslas.inovacijuagentura.lt\\\/#website\"},\"primaryImageOfPage\":{\"@id\":\"https:\\\/\\\/socialinisverslas.inovacijuagentura.lt\\\/learning-platform\\\/#primaryimage\"},\"image\":{\"@id\":\"https:\\\/\\\/socialinisverslas.inovacijuagentura.lt\\\/learning-platform\\\/#primaryimage\"},\"thumbnailUrl\":\"https:\\\/\\\/socialinisverslas.inovacijuagentura.lt\\\/wp-content\\\/uploads\\\/2020\\\/12\\\/mazas-2.png\",\"datePublished\":\"2020-11-30T20:18:15+00:00\",\"dateModified\":\"2024-11-06T11:09:56+00:00\",\"breadcrumb\":{\"@id\":\"https:\\\/\\\/socialinisverslas.inovacijuagentura.lt\\\/learning-platform\\\/#breadcrumb\"},\"inLanguage\":\"en-US\",\"potentialAction\":[{\"@type\":\"ReadAction\",\"target\":[\"https:\\\/\\\/socialinisverslas.inovacijuagentura.lt\\\/learning-platform\\\/\"]}]},{\"@type\":\"ImageObject\",\"inLanguage\":\"en-US\",\"@id\":\"https:\\\/\\\/socialinisverslas.inovacijuagentura.lt\\\/learning-platform\\\/#primaryimage\",\"url\":\"https:\\\/\\\/socialinisverslas.inovacijuagentura.lt\\\/wp-content\\\/uploads\\\/2020\\\/12\\\/mazas-2.png\",\"contentUrl\":\"https:\\\/\\\/socialinisverslas.inovacijuagentura.lt\\\/wp-content\\\/uploads\\\/2020\\\/12\\\/mazas-2.png\"},{\"@type\":\"BreadcrumbList\",\"@id\":\"https:\\\/\\\/socialinisverslas.inovacijuagentura.lt\\\/learning-platform\\\/#breadcrumb\",\"itemListElement\":[{\"@type\":\"ListItem\",\"position\":1,\"name\":\"Home\",\"item\":\"https:\\\/\\\/socialinisverslas.inovacijuagentura.lt\\\/\"},{\"@type\":\"ListItem\",\"position\":2,\"name\":\"Mokym\u0173 platforma\"}]},{\"@type\":\"WebSite\",\"@id\":\"https:\\\/\\\/socialinisverslas.inovacijuagentura.lt\\\/#website\",\"url\":\"https:\\\/\\\/socialinisverslas.inovacijuagentura.lt\\\/\",\"name\":\"Socialinis verslas\",\"description\":\"\",\"publisher\":{\"@id\":\"https:\\\/\\\/socialinisverslas.inovacijuagentura.lt\\\/#organization\"},\"potentialAction\":[{\"@type\":\"SearchAction\",\"target\":{\"@type\":\"EntryPoint\",\"urlTemplate\":\"https:\\\/\\\/socialinisverslas.inovacijuagentura.lt\\\/?s={search_term_string}\"},\"query-input\":{\"@type\":\"PropertyValueSpecification\",\"valueRequired\":true,\"valueName\":\"search_term_string\"}}],\"inLanguage\":\"en-US\"},{\"@type\":\"Organization\",\"@id\":\"https:\\\/\\\/socialinisverslas.inovacijuagentura.lt\\\/#organization\",\"name\":\"Socialinis verslas\",\"url\":\"https:\\\/\\\/socialinisverslas.inovacijuagentura.lt\\\/\",\"logo\":{\"@type\":\"ImageObject\",\"inLanguage\":\"en-US\",\"@id\":\"https:\\\/\\\/socialinisverslas.inovacijuagentura.lt\\\/#\\\/schema\\\/logo\\\/image\\\/\",\"url\":\"https:\\\/\\\/socialinisverslas.verslilietuva.lt\\\/wp-content\\\/uploads\\\/2020\\\/12\\\/turiuversla.png\",\"contentUrl\":\"https:\\\/\\\/socialinisverslas.verslilietuva.lt\\\/wp-content\\\/uploads\\\/2020\\\/12\\\/turiuversla.png\",\"width\":418,\"height\":406,\"caption\":\"Socialinis verslas\"},\"image\":{\"@id\":\"https:\\\/\\\/socialinisverslas.inovacijuagentura.lt\\\/#\\\/schema\\\/logo\\\/image\\\/\"}}]}<\/script>\n<!-- \/ Yoast SEO plugin. -->","yoast_head_json":{"title":"Mokym\u0173 platforma - Socialinis verslas","robots":{"index":"index","follow":"follow","max-snippet":"max-snippet:-1","max-image-preview":"max-image-preview:large","max-video-preview":"max-video-preview:-1"},"canonical":"https:\/\/socialinisverslas.inovacijuagentura.lt\/en\/learning-platform\/","og_locale":"en_US","og_type":"article","og_title":"Mokym\u0173 platforma - Socialinis verslas","og_description":"Mokymai, subalansuoti socialiniam verslui U\u017esiregistravusiems lankytojams prieinama mokym\u0173 platforma, sukurta specialiai Lietuvos socialiniams verslininkams. \u0160e\u0161iose temose apra\u0161omi pagrindiniai socialinio verslo elementai, pateikiamos u\u017eduotys, testai, naudinga informacija &#8211; padedanti ruo\u0161iantis matuoti poveik\u012f ar ie\u0161kant tvaraus veiklos modelio. Prisijunk! Mokym\u0173 platformoje laukia 6 temos Pasirinkite jums aktuali\u0105 tem\u0105","og_url":"https:\/\/socialinisverslas.inovacijuagentura.lt\/en\/learning-platform\/","og_site_name":"Socialinis verslas","article_modified_time":"2024-11-06T11:09:56+00:00","og_image":[{"url":"https:\/\/socialinisverslas.inovacijuagentura.lt\/wp-content\/uploads\/2020\/12\/mazas-2.png","type":"","width":"","height":""}],"twitter_card":"summary_large_image","twitter_misc":{"Est. reading time":"2 minutes"},"schema":{"@context":"https:\/\/schema.org","@graph":[{"@type":"WebPage","@id":"https:\/\/socialinisverslas.inovacijuagentura.lt\/learning-platform\/","url":"https:\/\/socialinisverslas.inovacijuagentura.lt\/learning-platform\/","name":"Mokym\u0173 platforma - Socialinis verslas","isPartOf":{"@id":"https:\/\/socialinisverslas.inovacijuagentura.lt\/#website"},"primaryImageOfPage":{"@id":"https:\/\/socialinisverslas.inovacijuagentura.lt\/learning-platform\/#primaryimage"},"image":{"@id":"https:\/\/socialinisverslas.inovacijuagentura.lt\/learning-platform\/#primaryimage"},"thumbnailUrl":"https:\/\/socialinisverslas.inovacijuagentura.lt\/wp-content\/uploads\/2020\/12\/mazas-2.png","datePublished":"2020-11-30T20:18:15+00:00","dateModified":"2024-11-06T11:09:56+00:00","breadcrumb":{"@id":"https:\/\/socialinisverslas.inovacijuagentura.lt\/learning-platform\/#breadcrumb"},"inLanguage":"en-US","potentialAction":[{"@type":"ReadAction","target":["https:\/\/socialinisverslas.inovacijuagentura.lt\/learning-platform\/"]}]},{"@type":"ImageObject","inLanguage":"en-US","@id":"https:\/\/socialinisverslas.inovacijuagentura.lt\/learning-platform\/#primaryimage","url":"https:\/\/socialinisverslas.inovacijuagentura.lt\/wp-content\/uploads\/2020\/12\/mazas-2.png","contentUrl":"https:\/\/socialinisverslas.inovacijuagentura.lt\/wp-content\/uploads\/2020\/12\/mazas-2.png"},{"@type":"BreadcrumbList","@id":"https:\/\/socialinisverslas.inovacijuagentura.lt\/learning-platform\/#breadcrumb","itemListElement":[{"@type":"ListItem","position":1,"name":"Home","item":"https:\/\/socialinisverslas.inovacijuagentura.lt\/"},{"@type":"ListItem","position":2,"name":"Mokym\u0173 platforma"}]},{"@type":"WebSite","@id":"https:\/\/socialinisverslas.inovacijuagentura.lt\/#website","url":"https:\/\/socialinisverslas.inovacijuagentura.lt\/","name":"Social Enterprise","description":"","publisher":{"@id":"https:\/\/socialinisverslas.inovacijuagentura.lt\/#organization"},"potentialAction":[{"@type":"SearchAction","target":{"@type":"EntryPoint","urlTemplate":"https:\/\/socialinisverslas.inovacijuagentura.lt\/?s={search_term_string}"},"query-input":{"@type":"PropertyValueSpecification","valueRequired":true,"valueName":"search_term_string"}}],"inLanguage":"en-US"},{"@type":"Organization","@id":"https:\/\/socialinisverslas.inovacijuagentura.lt\/#organization","name":"Social Enterprise","url":"https:\/\/socialinisverslas.inovacijuagentura.lt\/","logo":{"@type":"ImageObject","inLanguage":"en-US","@id":"https:\/\/socialinisverslas.inovacijuagentura.lt\/#\/schema\/logo\/image\/","url":"https:\/\/socialinisverslas.verslilietuva.lt\/wp-content\/uploads\/2020\/12\/turiuversla.png","contentUrl":"https:\/\/socialinisverslas.verslilietuva.lt\/wp-content\/uploads\/2020\/12\/turiuversla.png","width":418,"height":406,"caption":"Socialinis verslas"},"image":{"@id":"https:\/\/socialinisverslas.inovacijuagentura.lt\/#\/schema\/logo\/image\/"}}]}},"_links":{"self":[{"href":"https:\/\/socialinisverslas.inovacijuagentura.lt\/en\/wp-json\/wp\/v2\/pages\/58","targetHints":{"allow":["GET"]}}],"collection":[{"href":"https:\/\/socialinisverslas.inovacijuagentura.lt\/en\/wp-json\/wp\/v2\/pages"}],"about":[{"href":"https:\/\/socialinisverslas.inovacijuagentura.lt\/en\/wp-json\/wp\/v2\/types\/page"}],"author":[{"embeddable":true,"href":"https:\/\/socialinisverslas.inovacijuagentura.lt\/en\/wp-json\/wp\/v2\/users\/547"}],"replies":[{"embeddable":true,"href":"https:\/\/socialinisverslas.inovacijuagentura.lt\/en\/wp-json\/wp\/v2\/comments?post=58"}],"version-history":[{"count":79,"href":"https:\/\/socialinisverslas.inovacijuagentura.lt\/en\/wp-json\/wp\/v2\/pages\/58\/revisions"}],"predecessor-version":[{"id":6130,"href":"https:\/\/socialinisverslas.inovacijuagentura.lt\/en\/wp-json\/wp\/v2\/pages\/58\/revisions\/6130"}],"wp:attachment":[{"href":"https:\/\/socialinisverslas.inovacijuagentura.lt\/en\/wp-json\/wp\/v2\/media?parent=58"}],"curies":[{"name":"wp","href":"https:\/\/api.w.org\/{rel}","templated":true}]}}