{"id":8015,"date":"2024-11-06T12:19:47","date_gmt":"2024-11-06T10:19:47","guid":{"rendered":"https:\/\/socialinisverslas.inovacijuagentura.lt\/?page_id=8015"},"modified":"2024-11-06T13:09:56","modified_gmt":"2024-11-06T11:09:56","slug":"nuotoliniai-mokymai","status":"publish","type":"page","link":"https:\/\/socialinisverslas.inovacijuagentura.lt\/en\/learning-platform\/nuotoliniai-mokymai\/","title":{"rendered":"E-learning"},"content":{"rendered":"<div class=\"wp-block-group alignfull\"><div class=\"wp-block-group__inner-container is-layout-flow wp-block-group-is-layout-flow\">\n<div class=\"wp-block-group alignfull tw-pb-0\"><div class=\"wp-block-group__inner-container is-layout-flow wp-block-group-is-layout-flow\">\n<div class=\"wp-block-columns alignwide are-vertically-aligned-center tw-cols-stack-md tw-gutter-large is-layout-flex wp-container-core-columns-is-layout-d0b3c9c8 wp-block-columns-is-layout-flex\">\n<div class=\"wp-block-column is-vertically-aligned-center is-layout-flow wp-block-column-is-layout-flow\">\n<h2 class=\"wp-block-heading\">Svarb\u016bs \u012fg\u016bd\u017eiai \u2013 vienoje platformoje<\/h2>\n\n\n\n<p>Kvie\u010diame socialinius verslininkus mokytis bei \u012fgyti verting\u0173 \u017eini\u0173! \u0160ioje skiltyje rasite svarbiausias temas, skirtas specialiai socialiniams verslininkams, norintiems planuoti ir matuoti poveik\u012f bei tobulinti verslo model\u012f. Nuotolini\u0173 mokym\u0173 med\u017eiaga leis ne tik geriau suprasti savo vykdom\u0105 veikl\u0105, bet ir patalkins siekiant \u012fgyti socialinio verslo status\u0105.<\/p>\n<\/div>\n\n\n\n<div class=\"wp-block-column is-vertically-aligned-center is-layout-flow wp-block-column-is-layout-flow\"><div class=\"wp-block-image\">\n<figure class=\"aligncenter size-large\"><img decoding=\"async\" src=\"https:\/\/socialinisverslas.inovacijuagentura.lt\/\/wp-content\/uploads\/2020\/12\/problema-8.png\" alt=\"\"\/><\/figure>\n<\/div><\/div>\n<\/div>\n<\/div><\/div>\n<\/div><\/div>\n\n\n\n<div class=\"wp-block-group alignfull\"><div class=\"wp-block-group__inner-container is-layout-flow wp-block-group-is-layout-flow\">\n<div class=\"wp-block-buttons alignwide is-horizontal is-content-justification-center is-layout-flex wp-container-core-buttons-is-layout-03627597 wp-block-buttons-is-layout-flex\">\n<div class=\"wp-block-button\"><a class=\"wp-block-button__link wp-element-button\" href=\"https:\/\/socialinisverslas.inovacijuagentura.lt\/en\/learning-platform\/topic-1\/\">Prad\u0117ti mokymus<\/a><\/div>\n<\/div>\n<\/div><\/div>\n\n\n\n<div class=\"wp-block-group alignfull has-background\" style=\"background-color:#f6c532\"><div class=\"wp-block-group__inner-container is-layout-flow wp-block-group-is-layout-flow\">\n<h2 class=\"wp-block-heading alignwide has-text-align-center has-background-color has-text-color has-h-2-font-size\">Six topics are waiting for you on the learning platform <\/h2>\n<\/div><\/div>\n\n\n\n<div class=\"wp-block-group alignfull\"><div class=\"wp-block-group__inner-container is-layout-flow wp-block-group-is-layout-flow\">\n<h2 class=\"wp-block-heading has-text-align-center has-h-4-font-size\">Choose a topic that is relevant to you<\/h2>\n\n\n\n<div class=\"wp-block-columns alignfull is-layout-flex wp-container-core-columns-is-layout-d0b3c9c8 wp-block-columns-is-layout-flex\">\n<div class=\"wp-block-column is-layout-flow wp-block-column-is-layout-flow\">\n<div class=\"wp-block-cover is-light tw-rounded is-style-default\"><span aria-hidden=\"true\" class=\"wp-block-cover__background has-background-background-color has-background-dim-20 has-background-dim\"><\/span><img loading=\"lazy\" decoding=\"async\" width=\"496\" height=\"250\" sizes=\"auto, (max-width: 799px) 200vw, (max-width: 496px) 100vw, 496px\" class=\"wp-block-cover__image-background wp-image-496\" alt=\"\" src=\"https:\/\/testsocverslas.inovacijuagentura.lt\/wp-content\/uploads\/2020\/12\/mazas-2.png\" data-object-fit=\"cover\" srcset=\"https:\/\/socialinisverslas.inovacijuagentura.lt\/wp-content\/uploads\/2020\/12\/mazas-2.png 496w, https:\/\/socialinisverslas.inovacijuagentura.lt\/wp-content\/uploads\/2020\/12\/mazas-2-300x151.png 300w, https:\/\/socialinisverslas.inovacijuagentura.lt\/wp-content\/uploads\/2020\/12\/mazas-2-16x8.png 16w\" \/><div class=\"wp-block-cover__inner-container is-layout-flow wp-block-cover-is-layout-flow\">\n<p class=\"has-text-align-center has-large-font-size\">Topic 1<br><strong>Problem Analysis<\/strong><\/p>\n\n\n\n<div class=\"wp-block-buttons tw-btn-full is-layout-flex wp-block-buttons-is-layout-flex\">\n<div class=\"wp-block-button\"><a class=\"wp-block-button__link has-background wp-element-button\" href=\"https:\/\/socialinisverslas.inovacijuagentura.lt\/en\/learning-platform\/topic-1\/\" style=\"background-color:#f6c532\" rel=\"https:\/\/testsocverslas.inovacijuagentura.lt\/learning-platform\/topic-1\/\">Choose topic<\/a><\/div>\n<\/div>\n\n\n\n<p><\/p>\n<\/div><\/div>\n<\/div>\n\n\n\n<div class=\"wp-block-column is-layout-flow wp-block-column-is-layout-flow\">\n<div class=\"wp-block-cover is-light tw-rounded\"><span aria-hidden=\"true\" class=\"wp-block-cover__background has-background-background-color has-background-dim-20 has-background-dim\"><\/span><img loading=\"lazy\" decoding=\"async\" width=\"496\" height=\"250\" sizes=\"auto, (max-width: 799px) 200vw, (max-width: 496px) 100vw, 496px\" class=\"wp-block-cover__image-background wp-image-496\" alt=\"\" src=\"https:\/\/testsocverslas.inovacijuagentura.lt\/wp-content\/uploads\/2020\/12\/mazas-2.png\" data-object-fit=\"cover\" srcset=\"https:\/\/socialinisverslas.inovacijuagentura.lt\/wp-content\/uploads\/2020\/12\/mazas-2.png 496w, https:\/\/socialinisverslas.inovacijuagentura.lt\/wp-content\/uploads\/2020\/12\/mazas-2-300x151.png 300w, https:\/\/socialinisverslas.inovacijuagentura.lt\/wp-content\/uploads\/2020\/12\/mazas-2-16x8.png 16w\" \/><div class=\"wp-block-cover__inner-container is-layout-flow wp-block-cover-is-layout-flow\">\n<p class=\"has-text-align-center has-large-font-size\">Topic 2<br><strong>Target Group<\/strong><\/p>\n\n\n\n<div class=\"wp-block-buttons tw-btn-full is-layout-flex wp-block-buttons-is-layout-flex\">\n<div class=\"wp-block-button\"><a class=\"wp-block-button__link has-background wp-element-button\" href=\"https:\/\/socialinisverslas.inovacijuagentura.lt\/en\/learning-platform\/tiksline-grupe\/\" style=\"background-color:#f6c532\">Choose topic<\/a><\/div>\n<\/div>\n\n\n\n<p><\/p>\n<\/div><\/div>\n<\/div>\n\n\n\n<div class=\"wp-block-column is-layout-flow wp-block-column-is-layout-flow\">\n<div class=\"wp-block-cover is-light tw-rounded is-style-default\"><span aria-hidden=\"true\" class=\"wp-block-cover__background has-background-background-color has-background-dim-20 has-background-dim\"><\/span><img loading=\"lazy\" decoding=\"async\" width=\"496\" height=\"250\" sizes=\"auto, (max-width: 799px) 200vw, (max-width: 496px) 100vw, 496px\" class=\"wp-block-cover__image-background wp-image-496\" alt=\"\" src=\"https:\/\/testsocverslas.inovacijuagentura.lt\/wp-content\/uploads\/2020\/12\/mazas-2.png\" data-object-fit=\"cover\" srcset=\"https:\/\/socialinisverslas.inovacijuagentura.lt\/wp-content\/uploads\/2020\/12\/mazas-2.png 496w, https:\/\/socialinisverslas.inovacijuagentura.lt\/wp-content\/uploads\/2020\/12\/mazas-2-300x151.png 300w, https:\/\/socialinisverslas.inovacijuagentura.lt\/wp-content\/uploads\/2020\/12\/mazas-2-16x8.png 16w\" \/><div class=\"wp-block-cover__inner-container is-layout-flow wp-block-cover-is-layout-flow\">\n<p class=\"has-text-align-center has-large-font-size\">Topic 3<br><strong>Theory of Change<\/strong><\/p>\n\n\n\n<div class=\"wp-block-buttons tw-btn-full is-layout-flex wp-block-buttons-is-layout-flex\">\n<div class=\"wp-block-button\"><a class=\"wp-block-button__link has-background wp-element-button\" href=\"https:\/\/socialinisverslas.inovacijuagentura.lt\/en\/learning-platform\/pokycio-teorija\/\" style=\"background-color:#f6c532\">Choose topic<\/a><\/div>\n<\/div>\n\n\n\n<p><\/p>\n<\/div><\/div>\n<\/div>\n<\/div>\n\n\n\n<div class=\"wp-block-columns alignfull is-layout-flex wp-container-core-columns-is-layout-d0b3c9c8 wp-block-columns-is-layout-flex\">\n<div class=\"wp-block-column is-layout-flow wp-block-column-is-layout-flow\">\n<div class=\"wp-block-cover is-light tw-rounded\"><span aria-hidden=\"true\" class=\"wp-block-cover__background has-background-background-color has-background-dim-20 has-background-dim\"><\/span><img loading=\"lazy\" decoding=\"async\" width=\"496\" height=\"250\" sizes=\"auto, (max-width: 799px) 200vw, (max-width: 496px) 100vw, 496px\" class=\"wp-block-cover__image-background wp-image-496\" alt=\"\" src=\"https:\/\/testsocverslas.inovacijuagentura.lt\/wp-content\/uploads\/2020\/12\/mazas-2.png\" data-object-fit=\"cover\" srcset=\"https:\/\/socialinisverslas.inovacijuagentura.lt\/wp-content\/uploads\/2020\/12\/mazas-2.png 496w, https:\/\/socialinisverslas.inovacijuagentura.lt\/wp-content\/uploads\/2020\/12\/mazas-2-300x151.png 300w, https:\/\/socialinisverslas.inovacijuagentura.lt\/wp-content\/uploads\/2020\/12\/mazas-2-16x8.png 16w\" \/><div class=\"wp-block-cover__inner-container is-layout-flow wp-block-cover-is-layout-flow\">\n<p class=\"has-text-align-center has-large-font-size\">Topic 4<br><strong>Impact Measurement<\/strong><\/p>\n\n\n\n<div class=\"wp-block-buttons tw-btn-full is-layout-flex wp-block-buttons-is-layout-flex\">\n<div class=\"wp-block-button\"><a class=\"wp-block-button__link has-background wp-element-button\" href=\"https:\/\/socialinisverslas.inovacijuagentura.lt\/en\/learning-platform\/poveikio-matavimas\/\" style=\"background-color:#f6c532\">Choose topic<\/a><\/div>\n<\/div>\n\n\n\n<p><\/p>\n<\/div><\/div>\n<\/div>\n\n\n\n<div class=\"wp-block-column is-layout-flow wp-block-column-is-layout-flow\">\n<div class=\"wp-block-cover is-light tw-rounded\"><span aria-hidden=\"true\" class=\"wp-block-cover__background has-background-background-color has-background-dim-20 has-background-dim\"><\/span><img loading=\"lazy\" decoding=\"async\" width=\"496\" height=\"250\" sizes=\"auto, (max-width: 799px) 200vw, (max-width: 496px) 100vw, 496px\" class=\"wp-block-cover__image-background wp-image-496\" alt=\"\" src=\"https:\/\/testsocverslas.inovacijuagentura.lt\/wp-content\/uploads\/2020\/12\/mazas-2.png\" data-object-fit=\"cover\" srcset=\"https:\/\/socialinisverslas.inovacijuagentura.lt\/wp-content\/uploads\/2020\/12\/mazas-2.png 496w, https:\/\/socialinisverslas.inovacijuagentura.lt\/wp-content\/uploads\/2020\/12\/mazas-2-300x151.png 300w, https:\/\/socialinisverslas.inovacijuagentura.lt\/wp-content\/uploads\/2020\/12\/mazas-2-16x8.png 16w\" \/><div class=\"wp-block-cover__inner-container is-layout-flow wp-block-cover-is-layout-flow\">\n<p class=\"has-text-align-center has-large-font-size\">Topic 5<br><strong>The market<\/strong><\/p>\n\n\n\n<div class=\"wp-block-buttons tw-btn-full is-layout-flex wp-block-buttons-is-layout-flex\">\n<div class=\"wp-block-button\"><a class=\"wp-block-button__link has-background wp-element-button\" href=\"https:\/\/socialinisverslas.inovacijuagentura.lt\/en\/learning-platform\/rinka\/\" style=\"background-color:#f6c532\">Choose topic<\/a><\/div>\n<\/div>\n\n\n\n<p><\/p>\n<\/div><\/div>\n<\/div>\n\n\n\n<div class=\"wp-block-column is-layout-flow wp-block-column-is-layout-flow\">\n<div class=\"wp-block-cover is-light tw-rounded\"><span aria-hidden=\"true\" class=\"wp-block-cover__background has-background-background-color has-background-dim-20 has-background-dim\"><\/span><img loading=\"lazy\" decoding=\"async\" width=\"496\" height=\"250\" sizes=\"auto, (max-width: 799px) 200vw, (max-width: 496px) 100vw, 496px\" class=\"wp-block-cover__image-background wp-image-496\" alt=\"\" src=\"https:\/\/testsocverslas.inovacijuagentura.lt\/wp-content\/uploads\/2020\/12\/mazas-2.png\" data-object-fit=\"cover\" srcset=\"https:\/\/socialinisverslas.inovacijuagentura.lt\/wp-content\/uploads\/2020\/12\/mazas-2.png 496w, https:\/\/socialinisverslas.inovacijuagentura.lt\/wp-content\/uploads\/2020\/12\/mazas-2-300x151.png 300w, https:\/\/socialinisverslas.inovacijuagentura.lt\/wp-content\/uploads\/2020\/12\/mazas-2-16x8.png 16w\" \/><div class=\"wp-block-cover__inner-container is-layout-flow wp-block-cover-is-layout-flow\">\n<p class=\"has-text-align-center has-large-font-size\">Topic 6<br><strong>Business Model<\/strong><\/p>\n\n\n\n<div class=\"wp-block-buttons tw-btn-full is-layout-flex wp-block-buttons-is-layout-flex\">\n<div class=\"wp-block-button\"><a class=\"wp-block-button__link has-background wp-element-button\" href=\"https:\/\/socialinisverslas.inovacijuagentura.lt\/en\/learning-platform\/verslo-modelis\/\" style=\"background-color:#f6c532\">Choose topic<\/a><\/div>\n<\/div>\n\n\n\n<p><\/p>\n<\/div><\/div>\n<\/div>\n<\/div>\n<\/div><\/div>","protected":false},"excerpt":{"rendered":"<p>Svarb\u016bs \u012fg\u016bd\u017eiai \u2013 vienoje platformoje Kvie\u010diame socialinius verslininkus mokytis bei \u012fgyti verting\u0173 \u017eini\u0173! \u0160ioje skiltyje rasite svarbiausias temas, skirtas specialiai socialiniams verslininkams, norintiems planuoti ir matuoti poveik\u012f bei tobulinti verslo model\u012f. Nuotolini\u0173 mokym\u0173 med\u017eiaga leis ne tik geriau suprasti savo vykdom\u0105 veikl\u0105, bet ir patalkins siekiant \u012fgyti socialinio verslo status\u0105. Mokym\u0173 platformoje laukia 6 temos&hellip;<\/p>","protected":false},"author":547,"featured_media":0,"parent":58,"menu_order":0,"comment_status":"closed","ping_status":"closed","template":"","meta":{"footnotes":""},"class_list":["post-8015","page","type-page","status-publish","hentry"],"yoast_head":"<!-- This site is optimized with the Yoast SEO plugin v27.3 - https:\/\/yoast.com\/product\/yoast-seo-wordpress\/ -->\n<title>Nuotoliniai mokymai - Socialinis verslas<\/title>\n<meta name=\"robots\" content=\"index, follow, max-snippet:-1, max-image-preview:large, max-video-preview:-1\" \/>\n<link rel=\"canonical\" href=\"https:\/\/socialinisverslas.inovacijuagentura.lt\/en\/learning-platform\/nuotoliniai-mokymai\/\" \/>\n<meta property=\"og:locale\" content=\"en_US\" \/>\n<meta property=\"og:type\" content=\"article\" \/>\n<meta property=\"og:title\" content=\"Nuotoliniai mokymai - Socialinis verslas\" \/>\n<meta property=\"og:description\" content=\"Svarb\u016bs \u012fg\u016bd\u017eiai \u2013 vienoje platformoje Kvie\u010diame socialinius verslininkus mokytis bei \u012fgyti verting\u0173 \u017eini\u0173! \u0160ioje skiltyje rasite svarbiausias temas, skirtas specialiai socialiniams verslininkams, norintiems planuoti ir matuoti poveik\u012f bei tobulinti verslo model\u012f. Nuotolini\u0173 mokym\u0173 med\u017eiaga leis ne tik geriau suprasti savo vykdom\u0105 veikl\u0105, bet ir patalkins siekiant \u012fgyti socialinio verslo status\u0105. Mokym\u0173 platformoje laukia 6 temos&hellip;\" \/>\n<meta property=\"og:url\" content=\"https:\/\/socialinisverslas.inovacijuagentura.lt\/en\/learning-platform\/nuotoliniai-mokymai\/\" \/>\n<meta property=\"og:site_name\" content=\"Socialinis verslas\" \/>\n<meta property=\"article:modified_time\" content=\"2024-11-06T11:09:56+00:00\" \/>\n<meta property=\"og:image\" content=\"https:\/\/socialinisverslas.inovacijuagentura.lt\/\/wp-content\/uploads\/2020\/12\/problema-8.png\" \/>\n<meta name=\"twitter:card\" content=\"summary_large_image\" \/>\n<meta name=\"twitter:label1\" content=\"Est. reading time\" \/>\n\t<meta name=\"twitter:data1\" content=\"2 minutes\" \/>\n<script type=\"application\/ld+json\" class=\"yoast-schema-graph\">{\"@context\":\"https:\\\/\\\/schema.org\",\"@graph\":[{\"@type\":\"WebPage\",\"@id\":\"https:\\\/\\\/socialinisverslas.inovacijuagentura.lt\\\/learning-platform\\\/nuotoliniai-mokymai\\\/\",\"url\":\"https:\\\/\\\/socialinisverslas.inovacijuagentura.lt\\\/learning-platform\\\/nuotoliniai-mokymai\\\/\",\"name\":\"Nuotoliniai mokymai - Socialinis verslas\",\"isPartOf\":{\"@id\":\"https:\\\/\\\/socialinisverslas.inovacijuagentura.lt\\\/#website\"},\"primaryImageOfPage\":{\"@id\":\"https:\\\/\\\/socialinisverslas.inovacijuagentura.lt\\\/learning-platform\\\/nuotoliniai-mokymai\\\/#primaryimage\"},\"image\":{\"@id\":\"https:\\\/\\\/socialinisverslas.inovacijuagentura.lt\\\/learning-platform\\\/nuotoliniai-mokymai\\\/#primaryimage\"},\"thumbnailUrl\":\"https:\\\/\\\/socialinisverslas.inovacijuagentura.lt\\\/\\\/wp-content\\\/uploads\\\/2020\\\/12\\\/problema-8.png\",\"datePublished\":\"2024-11-06T10:19:47+00:00\",\"dateModified\":\"2024-11-06T11:09:56+00:00\",\"breadcrumb\":{\"@id\":\"https:\\\/\\\/socialinisverslas.inovacijuagentura.lt\\\/learning-platform\\\/nuotoliniai-mokymai\\\/#breadcrumb\"},\"inLanguage\":\"en-US\",\"potentialAction\":[{\"@type\":\"ReadAction\",\"target\":[\"https:\\\/\\\/socialinisverslas.inovacijuagentura.lt\\\/learning-platform\\\/nuotoliniai-mokymai\\\/\"]}]},{\"@type\":\"ImageObject\",\"inLanguage\":\"en-US\",\"@id\":\"https:\\\/\\\/socialinisverslas.inovacijuagentura.lt\\\/learning-platform\\\/nuotoliniai-mokymai\\\/#primaryimage\",\"url\":\"https:\\\/\\\/socialinisverslas.inovacijuagentura.lt\\\/\\\/wp-content\\\/uploads\\\/2020\\\/12\\\/problema-8.png\",\"contentUrl\":\"https:\\\/\\\/socialinisverslas.inovacijuagentura.lt\\\/\\\/wp-content\\\/uploads\\\/2020\\\/12\\\/problema-8.png\"},{\"@type\":\"BreadcrumbList\",\"@id\":\"https:\\\/\\\/socialinisverslas.inovacijuagentura.lt\\\/learning-platform\\\/nuotoliniai-mokymai\\\/#breadcrumb\",\"itemListElement\":[{\"@type\":\"ListItem\",\"position\":1,\"name\":\"Home\",\"item\":\"https:\\\/\\\/socialinisverslas.inovacijuagentura.lt\\\/\"},{\"@type\":\"ListItem\",\"position\":2,\"name\":\"Mokym\u0173 platforma\",\"item\":\"https:\\\/\\\/socialinisverslas.inovacijuagentura.lt\\\/learning-platform\\\/\"},{\"@type\":\"ListItem\",\"position\":3,\"name\":\"Nuotoliniai mokymai\"}]},{\"@type\":\"WebSite\",\"@id\":\"https:\\\/\\\/socialinisverslas.inovacijuagentura.lt\\\/#website\",\"url\":\"https:\\\/\\\/socialinisverslas.inovacijuagentura.lt\\\/\",\"name\":\"Socialinis verslas\",\"description\":\"\",\"publisher\":{\"@id\":\"https:\\\/\\\/socialinisverslas.inovacijuagentura.lt\\\/#organization\"},\"potentialAction\":[{\"@type\":\"SearchAction\",\"target\":{\"@type\":\"EntryPoint\",\"urlTemplate\":\"https:\\\/\\\/socialinisverslas.inovacijuagentura.lt\\\/?s={search_term_string}\"},\"query-input\":{\"@type\":\"PropertyValueSpecification\",\"valueRequired\":true,\"valueName\":\"search_term_string\"}}],\"inLanguage\":\"en-US\"},{\"@type\":\"Organization\",\"@id\":\"https:\\\/\\\/socialinisverslas.inovacijuagentura.lt\\\/#organization\",\"name\":\"Socialinis verslas\",\"url\":\"https:\\\/\\\/socialinisverslas.inovacijuagentura.lt\\\/\",\"logo\":{\"@type\":\"ImageObject\",\"inLanguage\":\"en-US\",\"@id\":\"https:\\\/\\\/socialinisverslas.inovacijuagentura.lt\\\/#\\\/schema\\\/logo\\\/image\\\/\",\"url\":\"https:\\\/\\\/socialinisverslas.verslilietuva.lt\\\/wp-content\\\/uploads\\\/2020\\\/12\\\/turiuversla.png\",\"contentUrl\":\"https:\\\/\\\/socialinisverslas.verslilietuva.lt\\\/wp-content\\\/uploads\\\/2020\\\/12\\\/turiuversla.png\",\"width\":418,\"height\":406,\"caption\":\"Socialinis verslas\"},\"image\":{\"@id\":\"https:\\\/\\\/socialinisverslas.inovacijuagentura.lt\\\/#\\\/schema\\\/logo\\\/image\\\/\"}}]}<\/script>\n<!-- \/ Yoast SEO plugin. -->","yoast_head_json":{"title":"Nuotoliniai mokymai - Socialinis verslas","robots":{"index":"index","follow":"follow","max-snippet":"max-snippet:-1","max-image-preview":"max-image-preview:large","max-video-preview":"max-video-preview:-1"},"canonical":"https:\/\/socialinisverslas.inovacijuagentura.lt\/en\/learning-platform\/nuotoliniai-mokymai\/","og_locale":"en_US","og_type":"article","og_title":"Nuotoliniai mokymai - Socialinis verslas","og_description":"Svarb\u016bs \u012fg\u016bd\u017eiai \u2013 vienoje platformoje Kvie\u010diame socialinius verslininkus mokytis bei \u012fgyti verting\u0173 \u017eini\u0173! \u0160ioje skiltyje rasite svarbiausias temas, skirtas specialiai socialiniams verslininkams, norintiems planuoti ir matuoti poveik\u012f bei tobulinti verslo model\u012f. Nuotolini\u0173 mokym\u0173 med\u017eiaga leis ne tik geriau suprasti savo vykdom\u0105 veikl\u0105, bet ir patalkins siekiant \u012fgyti socialinio verslo status\u0105. Mokym\u0173 platformoje laukia 6 temos&hellip;","og_url":"https:\/\/socialinisverslas.inovacijuagentura.lt\/en\/learning-platform\/nuotoliniai-mokymai\/","og_site_name":"Socialinis verslas","article_modified_time":"2024-11-06T11:09:56+00:00","og_image":[{"url":"https:\/\/socialinisverslas.inovacijuagentura.lt\/\/wp-content\/uploads\/2020\/12\/problema-8.png","type":"","width":"","height":""}],"twitter_card":"summary_large_image","twitter_misc":{"Est. reading time":"2 minutes"},"schema":{"@context":"https:\/\/schema.org","@graph":[{"@type":"WebPage","@id":"https:\/\/socialinisverslas.inovacijuagentura.lt\/learning-platform\/nuotoliniai-mokymai\/","url":"https:\/\/socialinisverslas.inovacijuagentura.lt\/learning-platform\/nuotoliniai-mokymai\/","name":"Nuotoliniai mokymai - Socialinis verslas","isPartOf":{"@id":"https:\/\/socialinisverslas.inovacijuagentura.lt\/#website"},"primaryImageOfPage":{"@id":"https:\/\/socialinisverslas.inovacijuagentura.lt\/learning-platform\/nuotoliniai-mokymai\/#primaryimage"},"image":{"@id":"https:\/\/socialinisverslas.inovacijuagentura.lt\/learning-platform\/nuotoliniai-mokymai\/#primaryimage"},"thumbnailUrl":"https:\/\/socialinisverslas.inovacijuagentura.lt\/\/wp-content\/uploads\/2020\/12\/problema-8.png","datePublished":"2024-11-06T10:19:47+00:00","dateModified":"2024-11-06T11:09:56+00:00","breadcrumb":{"@id":"https:\/\/socialinisverslas.inovacijuagentura.lt\/learning-platform\/nuotoliniai-mokymai\/#breadcrumb"},"inLanguage":"en-US","potentialAction":[{"@type":"ReadAction","target":["https:\/\/socialinisverslas.inovacijuagentura.lt\/learning-platform\/nuotoliniai-mokymai\/"]}]},{"@type":"ImageObject","inLanguage":"en-US","@id":"https:\/\/socialinisverslas.inovacijuagentura.lt\/learning-platform\/nuotoliniai-mokymai\/#primaryimage","url":"https:\/\/socialinisverslas.inovacijuagentura.lt\/\/wp-content\/uploads\/2020\/12\/problema-8.png","contentUrl":"https:\/\/socialinisverslas.inovacijuagentura.lt\/\/wp-content\/uploads\/2020\/12\/problema-8.png"},{"@type":"BreadcrumbList","@id":"https:\/\/socialinisverslas.inovacijuagentura.lt\/learning-platform\/nuotoliniai-mokymai\/#breadcrumb","itemListElement":[{"@type":"ListItem","position":1,"name":"Home","item":"https:\/\/socialinisverslas.inovacijuagentura.lt\/"},{"@type":"ListItem","position":2,"name":"Mokym\u0173 platforma","item":"https:\/\/socialinisverslas.inovacijuagentura.lt\/learning-platform\/"},{"@type":"ListItem","position":3,"name":"Nuotoliniai mokymai"}]},{"@type":"WebSite","@id":"https:\/\/socialinisverslas.inovacijuagentura.lt\/#website","url":"https:\/\/socialinisverslas.inovacijuagentura.lt\/","name":"Social Enterprise","description":"","publisher":{"@id":"https:\/\/socialinisverslas.inovacijuagentura.lt\/#organization"},"potentialAction":[{"@type":"SearchAction","target":{"@type":"EntryPoint","urlTemplate":"https:\/\/socialinisverslas.inovacijuagentura.lt\/?s={search_term_string}"},"query-input":{"@type":"PropertyValueSpecification","valueRequired":true,"valueName":"search_term_string"}}],"inLanguage":"en-US"},{"@type":"Organization","@id":"https:\/\/socialinisverslas.inovacijuagentura.lt\/#organization","name":"Social Enterprise","url":"https:\/\/socialinisverslas.inovacijuagentura.lt\/","logo":{"@type":"ImageObject","inLanguage":"en-US","@id":"https:\/\/socialinisverslas.inovacijuagentura.lt\/#\/schema\/logo\/image\/","url":"https:\/\/socialinisverslas.verslilietuva.lt\/wp-content\/uploads\/2020\/12\/turiuversla.png","contentUrl":"https:\/\/socialinisverslas.verslilietuva.lt\/wp-content\/uploads\/2020\/12\/turiuversla.png","width":418,"height":406,"caption":"Socialinis verslas"},"image":{"@id":"https:\/\/socialinisverslas.inovacijuagentura.lt\/#\/schema\/logo\/image\/"}}]}},"_links":{"self":[{"href":"https:\/\/socialinisverslas.inovacijuagentura.lt\/en\/wp-json\/wp\/v2\/pages\/8015","targetHints":{"allow":["GET"]}}],"collection":[{"href":"https:\/\/socialinisverslas.inovacijuagentura.lt\/en\/wp-json\/wp\/v2\/pages"}],"about":[{"href":"https:\/\/socialinisverslas.inovacijuagentura.lt\/en\/wp-json\/wp\/v2\/types\/page"}],"author":[{"embeddable":true,"href":"https:\/\/socialinisverslas.inovacijuagentura.lt\/en\/wp-json\/wp\/v2\/users\/547"}],"replies":[{"embeddable":true,"href":"https:\/\/socialinisverslas.inovacijuagentura.lt\/en\/wp-json\/wp\/v2\/comments?post=8015"}],"version-history":[{"count":3,"href":"https:\/\/socialinisverslas.inovacijuagentura.lt\/en\/wp-json\/wp\/v2\/pages\/8015\/revisions"}],"predecessor-version":[{"id":8035,"href":"https:\/\/socialinisverslas.inovacijuagentura.lt\/en\/wp-json\/wp\/v2\/pages\/8015\/revisions\/8035"}],"up":[{"embeddable":true,"href":"https:\/\/socialinisverslas.inovacijuagentura.lt\/en\/wp-json\/wp\/v2\/pages\/58"}],"wp:attachment":[{"href":"https:\/\/socialinisverslas.inovacijuagentura.lt\/en\/wp-json\/wp\/v2\/media?parent=8015"}],"curies":[{"name":"wp","href":"https:\/\/api.w.org\/{rel}","templated":true}]}}