{"id":8020,"date":"2024-11-06T12:27:54","date_gmt":"2024-11-06T10:27:54","guid":{"rendered":"https:\/\/socialinisverslas.inovacijuagentura.lt\/?page_id=8020"},"modified":"2025-05-15T14:04:52","modified_gmt":"2025-05-15T12:04:52","slug":"socialinio-verslo-statuso-igijimas","status":"publish","type":"page","link":"https:\/\/socialinisverslas.inovacijuagentura.lt\/en\/socialinio-verslo-statuso-igijimas\/","title":{"rendered":"Social Enterprise status"},"content":{"rendered":"<div class=\"wp-block-group alignfull\"><div class=\"wp-block-group__inner-container is-layout-flow wp-block-group-is-layout-flow\">\n<div class=\"wp-block-group alignfull tw-pb-0\"><div class=\"wp-block-group__inner-container is-layout-flow wp-block-group-is-layout-flow\">\n<div class=\"wp-block-columns alignwide are-vertically-aligned-center tw-cols-stack-md tw-gutter-large is-layout-flex wp-container-core-columns-is-layout-d0b3c9c8 wp-block-columns-is-layout-flex\">\n<div class=\"wp-block-column is-vertically-aligned-center is-layout-flow wp-block-column-is-layout-flow\">\n<p class=\"translation-block\">A small and medium-sized enterprise (SME) entity seeking to obtain social enterprise status can obtain it by filling out a questionnaire and submitting information to the Innovation Agency. Innovation Agency will assess the correctness of the information provided within 20 business days according to the procedure for obtaining the status of a social enterprise.<\/p>\n\n\n\n<p class=\"translation-block\">Only users registered on the platform and visible in the public list of businesses can obtain the status. If you do not have an account on the platform yet, you should register first. Registration is confirmed within 1-2 days.<\/p>\n\n\n\n<p class=\"translation-block\">To make it easier for you to answer the questions in the status granting questionnaire, we recommend using the material provided in the e-learning section.<\/p>\n\n\n\n<p class=\"translation-block\">Get acquainted with the Frequently Asked Questions about obtaining social enterprise status.<\/p>\n<\/div>\n\n\n\n<div class=\"wp-block-column is-vertically-aligned-center is-layout-flow wp-block-column-is-layout-flow\"><div class=\"wp-block-image\">\n<figure class=\"aligncenter size-large is-resized\"><img loading=\"lazy\" decoding=\"async\" width=\"1024\" height=\"1024\" src=\"https:\/\/socialinisverslas.inovacijuagentura.lt\/wp-content\/uploads\/2025\/02\/So_verslas_web-14-1024x1024.png\" alt=\"\" class=\"wp-image-8166\" style=\"width:400px\" srcset=\"https:\/\/socialinisverslas.inovacijuagentura.lt\/wp-content\/uploads\/2025\/02\/So_verslas_web-14-1024x1024.png 1024w, https:\/\/socialinisverslas.inovacijuagentura.lt\/wp-content\/uploads\/2025\/02\/So_verslas_web-14-300x300.png 300w, https:\/\/socialinisverslas.inovacijuagentura.lt\/wp-content\/uploads\/2025\/02\/So_verslas_web-14-150x150.png 150w, https:\/\/socialinisverslas.inovacijuagentura.lt\/wp-content\/uploads\/2025\/02\/So_verslas_web-14-768x768.png 768w, https:\/\/socialinisverslas.inovacijuagentura.lt\/wp-content\/uploads\/2025\/02\/So_verslas_web-14-1536x1536.png 1536w, https:\/\/socialinisverslas.inovacijuagentura.lt\/wp-content\/uploads\/2025\/02\/So_verslas_web-14-12x12.png 12w, https:\/\/socialinisverslas.inovacijuagentura.lt\/wp-content\/uploads\/2025\/02\/So_verslas_web-14-1200x1200.png 1200w, https:\/\/socialinisverslas.inovacijuagentura.lt\/wp-content\/uploads\/2025\/02\/So_verslas_web-14.png 1550w\" sizes=\"auto, (max-width: 1024px) 100vw, 1024px\" \/><\/figure>\n<\/div><\/div>\n<\/div>\n<\/div><\/div>\n<\/div><\/div>\n\n\n\n<div class=\"wp-block-group alignfull\"><div class=\"wp-block-group__inner-container is-layout-flow wp-block-group-is-layout-flow\">\n<div class=\"wp-block-buttons alignwide is-horizontal is-content-justification-center is-layout-flex wp-container-core-buttons-is-layout-03627597 wp-block-buttons-is-layout-flex\">\n<div class=\"wp-block-button business-logged-in\"><a class=\"wp-block-button__link wp-element-button\" href=\"https:\/\/socialinisverslas.inovacijuagentura.lt\/en\/prisijungti-arba-registruotis\/\">Social Enterprise status<\/a><\/div>\n\n\n\n<div class=\"wp-block-button soc-business-button\"><a class=\"wp-block-button__link wp-element-button\" href=\"https:\/\/socialinisverslas.inovacijuagentura.lt\/en\/socialinio-verslo-statuso-registracija\/\">Social Enterprise status<\/a><\/div>\n<\/div>\n<\/div><\/div>","protected":false},"excerpt":{"rendered":"<p>Smulkiojo ir vidutinio verslo (SVV) subjektas, siekiantis \u012fgyti socialinio verslo status\u0105, j\u012f \u012fgyti gali u\u017epild\u017eius anket\u0105 bei pateikus duomenis Inovacij\u0173 agent\u016brai. Inovacij\u0173 agent\u016bra per 20 d.d. socialinio verslo subjekto statuso \u012fgijimo tvarka \u012fvertins pateikt\u0173 duomen\u0173 teisingum\u0105. Status\u0105 \u012fgyti gali tik platformoje registruoti ir vie\u0161ame versl\u0173 s\u0105ra\u0161e matomi vartotojai. Jei paskyros platformoje dar neturite, registruotis galite&hellip;<\/p>","protected":false},"author":547,"featured_media":0,"parent":0,"menu_order":0,"comment_status":"closed","ping_status":"closed","template":"","meta":{"footnotes":""},"class_list":["post-8020","page","type-page","status-publish","hentry"],"yoast_head":"<!-- This site is optimized with the Yoast SEO plugin v27.3 - https:\/\/yoast.com\/product\/yoast-seo-wordpress\/ -->\n<title>Socialinio verslo statuso \u012fgijimas - Socialinis verslas<\/title>\n<meta name=\"robots\" content=\"index, follow, max-snippet:-1, max-image-preview:large, max-video-preview:-1\" \/>\n<link rel=\"canonical\" href=\"https:\/\/socialinisverslas.inovacijuagentura.lt\/en\/socialinio-verslo-statuso-igijimas\/\" \/>\n<meta property=\"og:locale\" content=\"en_US\" \/>\n<meta property=\"og:type\" content=\"article\" \/>\n<meta property=\"og:title\" content=\"Socialinio verslo statuso \u012fgijimas - Socialinis verslas\" \/>\n<meta property=\"og:description\" content=\"Smulkiojo ir vidutinio verslo (SVV) subjektas, siekiantis \u012fgyti socialinio verslo status\u0105, j\u012f \u012fgyti gali u\u017epild\u017eius anket\u0105 bei pateikus duomenis Inovacij\u0173 agent\u016brai. Inovacij\u0173 agent\u016bra per 20 d.d. socialinio verslo subjekto statuso \u012fgijimo tvarka \u012fvertins pateikt\u0173 duomen\u0173 teisingum\u0105. Status\u0105 \u012fgyti gali tik platformoje registruoti ir vie\u0161ame versl\u0173 s\u0105ra\u0161e matomi vartotojai. Jei paskyros platformoje dar neturite, registruotis galite&hellip;\" \/>\n<meta property=\"og:url\" content=\"https:\/\/socialinisverslas.inovacijuagentura.lt\/en\/socialinio-verslo-statuso-igijimas\/\" \/>\n<meta property=\"og:site_name\" content=\"Socialinis verslas\" \/>\n<meta property=\"article:modified_time\" content=\"2025-05-15T12:04:52+00:00\" \/>\n<meta property=\"og:image\" content=\"https:\/\/socialinisverslas.inovacijuagentura.lt\/wp-content\/uploads\/2025\/02\/So_verslas_web-14-1024x1024.png\" \/>\n<meta name=\"twitter:card\" content=\"summary_large_image\" \/>\n<meta name=\"twitter:label1\" content=\"Est. reading time\" \/>\n\t<meta name=\"twitter:data1\" content=\"1 minute\" \/>\n<script type=\"application\/ld+json\" class=\"yoast-schema-graph\">{\"@context\":\"https:\\\/\\\/schema.org\",\"@graph\":[{\"@type\":\"WebPage\",\"@id\":\"https:\\\/\\\/socialinisverslas.inovacijuagentura.lt\\\/socialinio-verslo-statuso-igijimas\\\/\",\"url\":\"https:\\\/\\\/socialinisverslas.inovacijuagentura.lt\\\/socialinio-verslo-statuso-igijimas\\\/\",\"name\":\"Socialinio verslo statuso \u012fgijimas - Socialinis verslas\",\"isPartOf\":{\"@id\":\"https:\\\/\\\/socialinisverslas.inovacijuagentura.lt\\\/#website\"},\"primaryImageOfPage\":{\"@id\":\"https:\\\/\\\/socialinisverslas.inovacijuagentura.lt\\\/socialinio-verslo-statuso-igijimas\\\/#primaryimage\"},\"image\":{\"@id\":\"https:\\\/\\\/socialinisverslas.inovacijuagentura.lt\\\/socialinio-verslo-statuso-igijimas\\\/#primaryimage\"},\"thumbnailUrl\":\"https:\\\/\\\/socialinisverslas.inovacijuagentura.lt\\\/wp-content\\\/uploads\\\/2025\\\/02\\\/So_verslas_web-14-1024x1024.png\",\"datePublished\":\"2024-11-06T10:27:54+00:00\",\"dateModified\":\"2025-05-15T12:04:52+00:00\",\"breadcrumb\":{\"@id\":\"https:\\\/\\\/socialinisverslas.inovacijuagentura.lt\\\/socialinio-verslo-statuso-igijimas\\\/#breadcrumb\"},\"inLanguage\":\"en-US\",\"potentialAction\":[{\"@type\":\"ReadAction\",\"target\":[\"https:\\\/\\\/socialinisverslas.inovacijuagentura.lt\\\/socialinio-verslo-statuso-igijimas\\\/\"]}]},{\"@type\":\"ImageObject\",\"inLanguage\":\"en-US\",\"@id\":\"https:\\\/\\\/socialinisverslas.inovacijuagentura.lt\\\/socialinio-verslo-statuso-igijimas\\\/#primaryimage\",\"url\":\"https:\\\/\\\/socialinisverslas.inovacijuagentura.lt\\\/wp-content\\\/uploads\\\/2025\\\/02\\\/So_verslas_web-14-1024x1024.png\",\"contentUrl\":\"https:\\\/\\\/socialinisverslas.inovacijuagentura.lt\\\/wp-content\\\/uploads\\\/2025\\\/02\\\/So_verslas_web-14-1024x1024.png\"},{\"@type\":\"BreadcrumbList\",\"@id\":\"https:\\\/\\\/socialinisverslas.inovacijuagentura.lt\\\/socialinio-verslo-statuso-igijimas\\\/#breadcrumb\",\"itemListElement\":[{\"@type\":\"ListItem\",\"position\":1,\"name\":\"Home\",\"item\":\"https:\\\/\\\/socialinisverslas.inovacijuagentura.lt\\\/\"},{\"@type\":\"ListItem\",\"position\":2,\"name\":\"Socialinio verslo statuso \u012fgijimas\"}]},{\"@type\":\"WebSite\",\"@id\":\"https:\\\/\\\/socialinisverslas.inovacijuagentura.lt\\\/#website\",\"url\":\"https:\\\/\\\/socialinisverslas.inovacijuagentura.lt\\\/\",\"name\":\"Socialinis verslas\",\"description\":\"\",\"publisher\":{\"@id\":\"https:\\\/\\\/socialinisverslas.inovacijuagentura.lt\\\/#organization\"},\"potentialAction\":[{\"@type\":\"SearchAction\",\"target\":{\"@type\":\"EntryPoint\",\"urlTemplate\":\"https:\\\/\\\/socialinisverslas.inovacijuagentura.lt\\\/?s={search_term_string}\"},\"query-input\":{\"@type\":\"PropertyValueSpecification\",\"valueRequired\":true,\"valueName\":\"search_term_string\"}}],\"inLanguage\":\"en-US\"},{\"@type\":\"Organization\",\"@id\":\"https:\\\/\\\/socialinisverslas.inovacijuagentura.lt\\\/#organization\",\"name\":\"Socialinis verslas\",\"url\":\"https:\\\/\\\/socialinisverslas.inovacijuagentura.lt\\\/\",\"logo\":{\"@type\":\"ImageObject\",\"inLanguage\":\"en-US\",\"@id\":\"https:\\\/\\\/socialinisverslas.inovacijuagentura.lt\\\/#\\\/schema\\\/logo\\\/image\\\/\",\"url\":\"https:\\\/\\\/socialinisverslas.verslilietuva.lt\\\/wp-content\\\/uploads\\\/2020\\\/12\\\/turiuversla.png\",\"contentUrl\":\"https:\\\/\\\/socialinisverslas.verslilietuva.lt\\\/wp-content\\\/uploads\\\/2020\\\/12\\\/turiuversla.png\",\"width\":418,\"height\":406,\"caption\":\"Socialinis verslas\"},\"image\":{\"@id\":\"https:\\\/\\\/socialinisverslas.inovacijuagentura.lt\\\/#\\\/schema\\\/logo\\\/image\\\/\"}}]}<\/script>\n<!-- \/ Yoast SEO plugin. -->","yoast_head_json":{"title":"Socialinio verslo statuso \u012fgijimas - Socialinis verslas","robots":{"index":"index","follow":"follow","max-snippet":"max-snippet:-1","max-image-preview":"max-image-preview:large","max-video-preview":"max-video-preview:-1"},"canonical":"https:\/\/socialinisverslas.inovacijuagentura.lt\/en\/socialinio-verslo-statuso-igijimas\/","og_locale":"en_US","og_type":"article","og_title":"Socialinio verslo statuso \u012fgijimas - Socialinis verslas","og_description":"Smulkiojo ir vidutinio verslo (SVV) subjektas, siekiantis \u012fgyti socialinio verslo status\u0105, j\u012f \u012fgyti gali u\u017epild\u017eius anket\u0105 bei pateikus duomenis Inovacij\u0173 agent\u016brai. Inovacij\u0173 agent\u016bra per 20 d.d. socialinio verslo subjekto statuso \u012fgijimo tvarka \u012fvertins pateikt\u0173 duomen\u0173 teisingum\u0105. Status\u0105 \u012fgyti gali tik platformoje registruoti ir vie\u0161ame versl\u0173 s\u0105ra\u0161e matomi vartotojai. Jei paskyros platformoje dar neturite, registruotis galite&hellip;","og_url":"https:\/\/socialinisverslas.inovacijuagentura.lt\/en\/socialinio-verslo-statuso-igijimas\/","og_site_name":"Socialinis verslas","article_modified_time":"2025-05-15T12:04:52+00:00","og_image":[{"url":"https:\/\/socialinisverslas.inovacijuagentura.lt\/wp-content\/uploads\/2025\/02\/So_verslas_web-14-1024x1024.png","type":"","width":"","height":""}],"twitter_card":"summary_large_image","twitter_misc":{"Est. reading time":"1 minute"},"schema":{"@context":"https:\/\/schema.org","@graph":[{"@type":"WebPage","@id":"https:\/\/socialinisverslas.inovacijuagentura.lt\/socialinio-verslo-statuso-igijimas\/","url":"https:\/\/socialinisverslas.inovacijuagentura.lt\/socialinio-verslo-statuso-igijimas\/","name":"Socialinio verslo statuso \u012fgijimas - Socialinis verslas","isPartOf":{"@id":"https:\/\/socialinisverslas.inovacijuagentura.lt\/#website"},"primaryImageOfPage":{"@id":"https:\/\/socialinisverslas.inovacijuagentura.lt\/socialinio-verslo-statuso-igijimas\/#primaryimage"},"image":{"@id":"https:\/\/socialinisverslas.inovacijuagentura.lt\/socialinio-verslo-statuso-igijimas\/#primaryimage"},"thumbnailUrl":"https:\/\/socialinisverslas.inovacijuagentura.lt\/wp-content\/uploads\/2025\/02\/So_verslas_web-14-1024x1024.png","datePublished":"2024-11-06T10:27:54+00:00","dateModified":"2025-05-15T12:04:52+00:00","breadcrumb":{"@id":"https:\/\/socialinisverslas.inovacijuagentura.lt\/socialinio-verslo-statuso-igijimas\/#breadcrumb"},"inLanguage":"en-US","potentialAction":[{"@type":"ReadAction","target":["https:\/\/socialinisverslas.inovacijuagentura.lt\/socialinio-verslo-statuso-igijimas\/"]}]},{"@type":"ImageObject","inLanguage":"en-US","@id":"https:\/\/socialinisverslas.inovacijuagentura.lt\/socialinio-verslo-statuso-igijimas\/#primaryimage","url":"https:\/\/socialinisverslas.inovacijuagentura.lt\/wp-content\/uploads\/2025\/02\/So_verslas_web-14-1024x1024.png","contentUrl":"https:\/\/socialinisverslas.inovacijuagentura.lt\/wp-content\/uploads\/2025\/02\/So_verslas_web-14-1024x1024.png"},{"@type":"BreadcrumbList","@id":"https:\/\/socialinisverslas.inovacijuagentura.lt\/socialinio-verslo-statuso-igijimas\/#breadcrumb","itemListElement":[{"@type":"ListItem","position":1,"name":"Home","item":"https:\/\/socialinisverslas.inovacijuagentura.lt\/"},{"@type":"ListItem","position":2,"name":"Socialinio verslo statuso \u012fgijimas"}]},{"@type":"WebSite","@id":"https:\/\/socialinisverslas.inovacijuagentura.lt\/#website","url":"https:\/\/socialinisverslas.inovacijuagentura.lt\/","name":"Social Enterprise","description":"","publisher":{"@id":"https:\/\/socialinisverslas.inovacijuagentura.lt\/#organization"},"potentialAction":[{"@type":"SearchAction","target":{"@type":"EntryPoint","urlTemplate":"https:\/\/socialinisverslas.inovacijuagentura.lt\/?s={search_term_string}"},"query-input":{"@type":"PropertyValueSpecification","valueRequired":true,"valueName":"search_term_string"}}],"inLanguage":"en-US"},{"@type":"Organization","@id":"https:\/\/socialinisverslas.inovacijuagentura.lt\/#organization","name":"Social Enterprise","url":"https:\/\/socialinisverslas.inovacijuagentura.lt\/","logo":{"@type":"ImageObject","inLanguage":"en-US","@id":"https:\/\/socialinisverslas.inovacijuagentura.lt\/#\/schema\/logo\/image\/","url":"https:\/\/socialinisverslas.verslilietuva.lt\/wp-content\/uploads\/2020\/12\/turiuversla.png","contentUrl":"https:\/\/socialinisverslas.verslilietuva.lt\/wp-content\/uploads\/2020\/12\/turiuversla.png","width":418,"height":406,"caption":"Socialinis verslas"},"image":{"@id":"https:\/\/socialinisverslas.inovacijuagentura.lt\/#\/schema\/logo\/image\/"}}]}},"_links":{"self":[{"href":"https:\/\/socialinisverslas.inovacijuagentura.lt\/en\/wp-json\/wp\/v2\/pages\/8020","targetHints":{"allow":["GET"]}}],"collection":[{"href":"https:\/\/socialinisverslas.inovacijuagentura.lt\/en\/wp-json\/wp\/v2\/pages"}],"about":[{"href":"https:\/\/socialinisverslas.inovacijuagentura.lt\/en\/wp-json\/wp\/v2\/types\/page"}],"author":[{"embeddable":true,"href":"https:\/\/socialinisverslas.inovacijuagentura.lt\/en\/wp-json\/wp\/v2\/users\/547"}],"replies":[{"embeddable":true,"href":"https:\/\/socialinisverslas.inovacijuagentura.lt\/en\/wp-json\/wp\/v2\/comments?post=8020"}],"version-history":[{"count":5,"href":"https:\/\/socialinisverslas.inovacijuagentura.lt\/en\/wp-json\/wp\/v2\/pages\/8020\/revisions"}],"predecessor-version":[{"id":8269,"href":"https:\/\/socialinisverslas.inovacijuagentura.lt\/en\/wp-json\/wp\/v2\/pages\/8020\/revisions\/8269"}],"wp:attachment":[{"href":"https:\/\/socialinisverslas.inovacijuagentura.lt\/en\/wp-json\/wp\/v2\/media?parent=8020"}],"curies":[{"name":"wp","href":"https:\/\/api.w.org\/{rel}","templated":true}]}}