{"id":8031,"date":"2024-11-06T12:42:44","date_gmt":"2024-11-06T10:42:44","guid":{"rendered":"https:\/\/socialinisverslas.inovacijuagentura.lt\/?page_id=8031"},"modified":"2024-11-06T13:10:14","modified_gmt":"2024-11-06T11:10:14","slug":"prisijungti-arba-registruotis","status":"publish","type":"page","link":"https:\/\/socialinisverslas.inovacijuagentura.lt\/en\/prisijungti-arba-registruotis\/","title":{"rendered":"Prisijungti arba Registruotis"},"content":{"rendered":"<div class=\"wp-block-group alignfull tw-height-full\"><div class=\"wp-block-group__inner-container is-layout-flow wp-block-group-is-layout-flow\">\n<div class=\"wp-block-columns alignwide are-vertically-aligned-center tw-stack-reverse is-layout-flex wp-container-core-columns-is-layout-d0b3c9c8 wp-block-columns-is-layout-flex\">\n<div class=\"wp-block-column is-layout-flow wp-block-column-is-layout-flow\" style=\"--col-width:48%;flex-basis:48%\">\n<p>We congratulate everyone who is interested in social entrepreneurship with this slogan. On this website you will find a list of Lithuanian social enterprises and be able to get acquainted with them. Registered social enterprises are not only included in the list, but can also learn about impact measurement and improve their business models. Have a social enterprise or an idea? Sign up now! <\/p>\n\n\n\n<p>Have a social enterprise or an idea? Register and start learning!<\/p>\n\n\n\n<div class=\"wp-block-columns has-text-align-center tw-stretched-link is-layout-flex wp-container-core-columns-is-layout-d0b3c9c8 wp-block-columns-is-layout-flex\">\n<div class=\"wp-block-column is-vertically-aligned-center is-layout-flow wp-block-column-is-layout-flow\">\n<div class=\"wp-block-buttons tw-btn-full is-layout-flex wp-block-buttons-is-layout-flex\">\n<div class=\"wp-block-button\"><a class=\"wp-block-button__link has-background-color has-accent-background-color has-text-color has-background wp-element-button\" href=\"http:\/\/socialinisverslas.inovacijuagentura.lt\/en\/login\/\">Log in<\/a><\/div>\n<\/div>\n\n\n\n<p><\/p>\n<\/div>\n\n\n\n<div class=\"wp-block-column is-layout-flow wp-block-column-is-layout-flow\">\n<div class=\"wp-block-buttons tw-btn-full is-layout-flex wp-block-buttons-is-layout-flex\">\n<div class=\"wp-block-button\"><a class=\"wp-block-button__link has-text-color has-background wp-element-button\" href=\"https:\/\/socialinisverslas.inovacijuagentura.lt\/en\/registration\/\" style=\"color:#000000;background-color:#f6c532\">REGISTER<\/a><\/div>\n<\/div>\n\n\n\n<p><\/p>\n<\/div>\n<\/div>\n<\/div>\n\n\n\n<div class=\"wp-block-column is-layout-flow wp-block-column-is-layout-flow\" style=\"--col-width:52%;flex-basis:52%\">\n<figure class=\"wp-block-image size-large\"><img decoding=\"async\" src=\"https:\/\/socialinisverslas.inovacijuagentura.lt\/\/wp-content\/uploads\/2020\/12\/turiuversla-1.png\" alt=\"\"\/><\/figure>\n<\/div>\n<\/div>\n<\/div><\/div>","protected":false},"excerpt":{"rendered":"<p>Tokiu \u0161\u016bkiu sveikinam\u0117s su visais, susidom\u0117jusiais socialiniu verslu. \u0160ioje svetain\u0117je rasite Lietuvos socialini\u0173 versl\u0173 s\u0105ra\u0161\u0105 ir gal\u0117site artimiau su jais susipa\u017einti. U\u017esiregistrav\u0119 socialiniai verslai ne tik \u012ftraukiami \u012f versl\u0173 s\u0105ra\u0161\u0105, bet taip pat gali mokytis ir tobulinti savo veiklos model\u012f. Turi socialin\u012f versl\u0105 arba socialinio verslo id\u0117j\u0105? Registruokis ir naudokis mokym\u0173 platforma!<\/p>","protected":false},"author":547,"featured_media":0,"parent":0,"menu_order":0,"comment_status":"closed","ping_status":"closed","template":"","meta":{"footnotes":""},"class_list":["post-8031","page","type-page","status-publish","hentry"],"yoast_head":"<!-- This site is optimized with the Yoast SEO plugin v27.3 - https:\/\/yoast.com\/product\/yoast-seo-wordpress\/ -->\n<title>Prisijungti arba Registruotis - Socialinis verslas<\/title>\n<meta name=\"robots\" content=\"index, follow, max-snippet:-1, max-image-preview:large, max-video-preview:-1\" \/>\n<link rel=\"canonical\" href=\"https:\/\/socialinisverslas.inovacijuagentura.lt\/en\/prisijungti-arba-registruotis\/\" \/>\n<meta property=\"og:locale\" content=\"en_US\" \/>\n<meta property=\"og:type\" content=\"article\" \/>\n<meta property=\"og:title\" content=\"Prisijungti arba Registruotis - Socialinis verslas\" \/>\n<meta property=\"og:description\" content=\"Tokiu \u0161\u016bkiu sveikinam\u0117s su visais, susidom\u0117jusiais socialiniu verslu. \u0160ioje svetain\u0117je rasite Lietuvos socialini\u0173 versl\u0173 s\u0105ra\u0161\u0105 ir gal\u0117site artimiau su jais susipa\u017einti. U\u017esiregistrav\u0119 socialiniai verslai ne tik \u012ftraukiami \u012f versl\u0173 s\u0105ra\u0161\u0105, bet taip pat gali mokytis ir tobulinti savo veiklos model\u012f. Turi socialin\u012f versl\u0105 arba socialinio verslo id\u0117j\u0105? Registruokis ir naudokis mokym\u0173 platforma!\" \/>\n<meta property=\"og:url\" content=\"https:\/\/socialinisverslas.inovacijuagentura.lt\/en\/prisijungti-arba-registruotis\/\" \/>\n<meta property=\"og:site_name\" content=\"Socialinis verslas\" \/>\n<meta property=\"article:modified_time\" content=\"2024-11-06T11:10:14+00:00\" \/>\n<meta property=\"og:image\" content=\"https:\/\/socialinisverslas.inovacijuagentura.lt\/\/wp-content\/uploads\/2020\/12\/turiuversla-1.png\" \/>\n<meta name=\"twitter:card\" content=\"summary_large_image\" \/>\n<meta name=\"twitter:label1\" content=\"Est. reading time\" \/>\n\t<meta name=\"twitter:data1\" content=\"1 minute\" \/>\n<script type=\"application\/ld+json\" class=\"yoast-schema-graph\">{\"@context\":\"https:\\\/\\\/schema.org\",\"@graph\":[{\"@type\":\"WebPage\",\"@id\":\"https:\\\/\\\/socialinisverslas.inovacijuagentura.lt\\\/prisijungti-arba-registruotis\\\/\",\"url\":\"https:\\\/\\\/socialinisverslas.inovacijuagentura.lt\\\/prisijungti-arba-registruotis\\\/\",\"name\":\"Prisijungti arba Registruotis - Socialinis verslas\",\"isPartOf\":{\"@id\":\"https:\\\/\\\/socialinisverslas.inovacijuagentura.lt\\\/#website\"},\"primaryImageOfPage\":{\"@id\":\"https:\\\/\\\/socialinisverslas.inovacijuagentura.lt\\\/prisijungti-arba-registruotis\\\/#primaryimage\"},\"image\":{\"@id\":\"https:\\\/\\\/socialinisverslas.inovacijuagentura.lt\\\/prisijungti-arba-registruotis\\\/#primaryimage\"},\"thumbnailUrl\":\"https:\\\/\\\/socialinisverslas.inovacijuagentura.lt\\\/\\\/wp-content\\\/uploads\\\/2020\\\/12\\\/turiuversla-1.png\",\"datePublished\":\"2024-11-06T10:42:44+00:00\",\"dateModified\":\"2024-11-06T11:10:14+00:00\",\"breadcrumb\":{\"@id\":\"https:\\\/\\\/socialinisverslas.inovacijuagentura.lt\\\/prisijungti-arba-registruotis\\\/#breadcrumb\"},\"inLanguage\":\"en-US\",\"potentialAction\":[{\"@type\":\"ReadAction\",\"target\":[\"https:\\\/\\\/socialinisverslas.inovacijuagentura.lt\\\/prisijungti-arba-registruotis\\\/\"]}]},{\"@type\":\"ImageObject\",\"inLanguage\":\"en-US\",\"@id\":\"https:\\\/\\\/socialinisverslas.inovacijuagentura.lt\\\/prisijungti-arba-registruotis\\\/#primaryimage\",\"url\":\"https:\\\/\\\/socialinisverslas.inovacijuagentura.lt\\\/\\\/wp-content\\\/uploads\\\/2020\\\/12\\\/turiuversla-1.png\",\"contentUrl\":\"https:\\\/\\\/socialinisverslas.inovacijuagentura.lt\\\/\\\/wp-content\\\/uploads\\\/2020\\\/12\\\/turiuversla-1.png\"},{\"@type\":\"BreadcrumbList\",\"@id\":\"https:\\\/\\\/socialinisverslas.inovacijuagentura.lt\\\/prisijungti-arba-registruotis\\\/#breadcrumb\",\"itemListElement\":[{\"@type\":\"ListItem\",\"position\":1,\"name\":\"Home\",\"item\":\"https:\\\/\\\/socialinisverslas.inovacijuagentura.lt\\\/\"},{\"@type\":\"ListItem\",\"position\":2,\"name\":\"Prisijungti arba Registruotis\"}]},{\"@type\":\"WebSite\",\"@id\":\"https:\\\/\\\/socialinisverslas.inovacijuagentura.lt\\\/#website\",\"url\":\"https:\\\/\\\/socialinisverslas.inovacijuagentura.lt\\\/\",\"name\":\"Socialinis verslas\",\"description\":\"\",\"publisher\":{\"@id\":\"https:\\\/\\\/socialinisverslas.inovacijuagentura.lt\\\/#organization\"},\"potentialAction\":[{\"@type\":\"SearchAction\",\"target\":{\"@type\":\"EntryPoint\",\"urlTemplate\":\"https:\\\/\\\/socialinisverslas.inovacijuagentura.lt\\\/?s={search_term_string}\"},\"query-input\":{\"@type\":\"PropertyValueSpecification\",\"valueRequired\":true,\"valueName\":\"search_term_string\"}}],\"inLanguage\":\"en-US\"},{\"@type\":\"Organization\",\"@id\":\"https:\\\/\\\/socialinisverslas.inovacijuagentura.lt\\\/#organization\",\"name\":\"Socialinis verslas\",\"url\":\"https:\\\/\\\/socialinisverslas.inovacijuagentura.lt\\\/\",\"logo\":{\"@type\":\"ImageObject\",\"inLanguage\":\"en-US\",\"@id\":\"https:\\\/\\\/socialinisverslas.inovacijuagentura.lt\\\/#\\\/schema\\\/logo\\\/image\\\/\",\"url\":\"https:\\\/\\\/socialinisverslas.verslilietuva.lt\\\/wp-content\\\/uploads\\\/2020\\\/12\\\/turiuversla.png\",\"contentUrl\":\"https:\\\/\\\/socialinisverslas.verslilietuva.lt\\\/wp-content\\\/uploads\\\/2020\\\/12\\\/turiuversla.png\",\"width\":418,\"height\":406,\"caption\":\"Socialinis verslas\"},\"image\":{\"@id\":\"https:\\\/\\\/socialinisverslas.inovacijuagentura.lt\\\/#\\\/schema\\\/logo\\\/image\\\/\"}}]}<\/script>\n<!-- \/ Yoast SEO plugin. -->","yoast_head_json":{"title":"Prisijungti arba Registruotis - Socialinis verslas","robots":{"index":"index","follow":"follow","max-snippet":"max-snippet:-1","max-image-preview":"max-image-preview:large","max-video-preview":"max-video-preview:-1"},"canonical":"https:\/\/socialinisverslas.inovacijuagentura.lt\/en\/prisijungti-arba-registruotis\/","og_locale":"en_US","og_type":"article","og_title":"Prisijungti arba Registruotis - Socialinis verslas","og_description":"Tokiu \u0161\u016bkiu sveikinam\u0117s su visais, susidom\u0117jusiais socialiniu verslu. \u0160ioje svetain\u0117je rasite Lietuvos socialini\u0173 versl\u0173 s\u0105ra\u0161\u0105 ir gal\u0117site artimiau su jais susipa\u017einti. U\u017esiregistrav\u0119 socialiniai verslai ne tik \u012ftraukiami \u012f versl\u0173 s\u0105ra\u0161\u0105, bet taip pat gali mokytis ir tobulinti savo veiklos model\u012f. Turi socialin\u012f versl\u0105 arba socialinio verslo id\u0117j\u0105? Registruokis ir naudokis mokym\u0173 platforma!","og_url":"https:\/\/socialinisverslas.inovacijuagentura.lt\/en\/prisijungti-arba-registruotis\/","og_site_name":"Socialinis verslas","article_modified_time":"2024-11-06T11:10:14+00:00","og_image":[{"url":"https:\/\/socialinisverslas.inovacijuagentura.lt\/\/wp-content\/uploads\/2020\/12\/turiuversla-1.png","type":"","width":"","height":""}],"twitter_card":"summary_large_image","twitter_misc":{"Est. reading time":"1 minute"},"schema":{"@context":"https:\/\/schema.org","@graph":[{"@type":"WebPage","@id":"https:\/\/socialinisverslas.inovacijuagentura.lt\/prisijungti-arba-registruotis\/","url":"https:\/\/socialinisverslas.inovacijuagentura.lt\/prisijungti-arba-registruotis\/","name":"Prisijungti arba Registruotis - Socialinis verslas","isPartOf":{"@id":"https:\/\/socialinisverslas.inovacijuagentura.lt\/#website"},"primaryImageOfPage":{"@id":"https:\/\/socialinisverslas.inovacijuagentura.lt\/prisijungti-arba-registruotis\/#primaryimage"},"image":{"@id":"https:\/\/socialinisverslas.inovacijuagentura.lt\/prisijungti-arba-registruotis\/#primaryimage"},"thumbnailUrl":"https:\/\/socialinisverslas.inovacijuagentura.lt\/\/wp-content\/uploads\/2020\/12\/turiuversla-1.png","datePublished":"2024-11-06T10:42:44+00:00","dateModified":"2024-11-06T11:10:14+00:00","breadcrumb":{"@id":"https:\/\/socialinisverslas.inovacijuagentura.lt\/prisijungti-arba-registruotis\/#breadcrumb"},"inLanguage":"en-US","potentialAction":[{"@type":"ReadAction","target":["https:\/\/socialinisverslas.inovacijuagentura.lt\/prisijungti-arba-registruotis\/"]}]},{"@type":"ImageObject","inLanguage":"en-US","@id":"https:\/\/socialinisverslas.inovacijuagentura.lt\/prisijungti-arba-registruotis\/#primaryimage","url":"https:\/\/socialinisverslas.inovacijuagentura.lt\/\/wp-content\/uploads\/2020\/12\/turiuversla-1.png","contentUrl":"https:\/\/socialinisverslas.inovacijuagentura.lt\/\/wp-content\/uploads\/2020\/12\/turiuversla-1.png"},{"@type":"BreadcrumbList","@id":"https:\/\/socialinisverslas.inovacijuagentura.lt\/prisijungti-arba-registruotis\/#breadcrumb","itemListElement":[{"@type":"ListItem","position":1,"name":"Home","item":"https:\/\/socialinisverslas.inovacijuagentura.lt\/"},{"@type":"ListItem","position":2,"name":"Prisijungti arba Registruotis"}]},{"@type":"WebSite","@id":"https:\/\/socialinisverslas.inovacijuagentura.lt\/#website","url":"https:\/\/socialinisverslas.inovacijuagentura.lt\/","name":"Social Enterprise","description":"","publisher":{"@id":"https:\/\/socialinisverslas.inovacijuagentura.lt\/#organization"},"potentialAction":[{"@type":"SearchAction","target":{"@type":"EntryPoint","urlTemplate":"https:\/\/socialinisverslas.inovacijuagentura.lt\/?s={search_term_string}"},"query-input":{"@type":"PropertyValueSpecification","valueRequired":true,"valueName":"search_term_string"}}],"inLanguage":"en-US"},{"@type":"Organization","@id":"https:\/\/socialinisverslas.inovacijuagentura.lt\/#organization","name":"Social Enterprise","url":"https:\/\/socialinisverslas.inovacijuagentura.lt\/","logo":{"@type":"ImageObject","inLanguage":"en-US","@id":"https:\/\/socialinisverslas.inovacijuagentura.lt\/#\/schema\/logo\/image\/","url":"https:\/\/socialinisverslas.verslilietuva.lt\/wp-content\/uploads\/2020\/12\/turiuversla.png","contentUrl":"https:\/\/socialinisverslas.verslilietuva.lt\/wp-content\/uploads\/2020\/12\/turiuversla.png","width":418,"height":406,"caption":"Socialinis verslas"},"image":{"@id":"https:\/\/socialinisverslas.inovacijuagentura.lt\/#\/schema\/logo\/image\/"}}]}},"_links":{"self":[{"href":"https:\/\/socialinisverslas.inovacijuagentura.lt\/en\/wp-json\/wp\/v2\/pages\/8031","targetHints":{"allow":["GET"]}}],"collection":[{"href":"https:\/\/socialinisverslas.inovacijuagentura.lt\/en\/wp-json\/wp\/v2\/pages"}],"about":[{"href":"https:\/\/socialinisverslas.inovacijuagentura.lt\/en\/wp-json\/wp\/v2\/types\/page"}],"author":[{"embeddable":true,"href":"https:\/\/socialinisverslas.inovacijuagentura.lt\/en\/wp-json\/wp\/v2\/users\/547"}],"replies":[{"embeddable":true,"href":"https:\/\/socialinisverslas.inovacijuagentura.lt\/en\/wp-json\/wp\/v2\/comments?post=8031"}],"version-history":[{"count":3,"href":"https:\/\/socialinisverslas.inovacijuagentura.lt\/en\/wp-json\/wp\/v2\/pages\/8031\/revisions"}],"predecessor-version":[{"id":8034,"href":"https:\/\/socialinisverslas.inovacijuagentura.lt\/en\/wp-json\/wp\/v2\/pages\/8031\/revisions\/8034"}],"wp:attachment":[{"href":"https:\/\/socialinisverslas.inovacijuagentura.lt\/en\/wp-json\/wp\/v2\/media?parent=8031"}],"curies":[{"name":"wp","href":"https:\/\/api.w.org\/{rel}","templated":true}]}}