{"id":8038,"date":"2024-11-06T12:49:34","date_gmt":"2024-11-06T10:49:34","guid":{"rendered":"https:\/\/socialinisverslas.inovacijuagentura.lt\/?page_id=8038"},"modified":"2026-01-15T14:58:33","modified_gmt":"2026-01-15T12:58:33","slug":"socialinio-verslo-statuso-registracija","status":"publish","type":"page","link":"https:\/\/socialinisverslas.inovacijuagentura.lt\/en\/socialinio-verslo-statuso-registracija\/","title":{"rendered":"Social Enterprise status registration"},"content":{"rendered":"<div class=\"wp-block-group alignwide\"><div class=\"wp-block-group__inner-container is-layout-flow wp-block-group-is-layout-flow\">\n<div class=\"wp-block-group alignwide\"><div class=\"wp-block-group__inner-container is-layout-flow wp-block-group-is-layout-flow\">\n<div class=\"wp-block-columns alignwide tw-gutter-large is-layout-flex wp-container-core-columns-is-layout-d0b3c9c8 wp-block-columns-is-layout-flex\">\n<div class=\"wp-block-column is-layout-flow wp-block-column-is-layout-flow\" style=\"--col-width:50%;flex-basis:50%\">\n<h2 class=\"wp-block-heading\">Social Enterprise status registration<\/h2>\n\n\n\n<p class=\"has-text-align-left\"><strong>Social Enterprise<\/strong>&nbsp;\u2013 economic activity that pursues socially beneficial goals, social and\/or environmental impact and is carried out by social economy entities.<\/p>\n\n\n\n<p>Social Enterprise status is evaluated according to <a href=\"https:\/\/e-seimas.lrs.lt\/portal\/legalAct\/lt\/TAD\/4ab93cc09e7511ee8172b53a675305ab?jfwid=ak35nirtz\">The Law on the Development of Small and Medium-sized Businesses<\/a> and <a href=\"https:\/\/e-seimas.lrs.lt\/portal\/legalAct\/lt\/TAD\/24be6d92867511ef84ff9693ecd03ff5?positionInSearchResults=0&amp;searchModelUUID=a27c08fa-1eae-4f2d-8b04-2880cfd98833\">Procedure for acquiring and losing the status of a social enterprise entity<\/a>.<\/p>\n<\/div>\n\n\n\n<div class=\"wp-block-column is-layout-flow wp-block-column-is-layout-flow\" style=\"--col-width:50%;flex-basis:50%\">\n<figure class=\"wp-block-image size-full is-resized\"><img loading=\"lazy\" decoding=\"async\" width=\"775\" height=\"775\" src=\"https:\/\/socialinisverslas.inovacijuagentura.lt\/wp-content\/uploads\/2025\/02\/So_verslas_web-10.png\" alt=\"\" class=\"wp-image-8168\" style=\"width:400px\" srcset=\"https:\/\/socialinisverslas.inovacijuagentura.lt\/wp-content\/uploads\/2025\/02\/So_verslas_web-10.png 775w, https:\/\/socialinisverslas.inovacijuagentura.lt\/wp-content\/uploads\/2025\/02\/So_verslas_web-10-300x300.png 300w, https:\/\/socialinisverslas.inovacijuagentura.lt\/wp-content\/uploads\/2025\/02\/So_verslas_web-10-150x150.png 150w, https:\/\/socialinisverslas.inovacijuagentura.lt\/wp-content\/uploads\/2025\/02\/So_verslas_web-10-768x768.png 768w, https:\/\/socialinisverslas.inovacijuagentura.lt\/wp-content\/uploads\/2025\/02\/So_verslas_web-10-12x12.png 12w\" sizes=\"auto, (max-width: 775px) 100vw, 775px\" \/><\/figure>\n<\/div>\n<\/div>\n<\/div><\/div>\n<\/div><\/div>\n\n\nOops! You need to be logged in to use this form.","protected":false},"excerpt":{"rendered":"<p>Socialinio verslo statuso registracija Socialinis verslas&nbsp;\u2013&nbsp;ekonomin\u0117 veikla, kuria siekiama visuomenei nauding\u0173 tiksl\u0173, socialinio ar (ir) aplinkosauginio poveikio ir kuri\u0105 vykdo socialinei ekonomikai priskiriami socialinio verslo subjektai. Socialinio verslo statusas vertinamas remiantis Smulkiojo ir vidutinio verslo pl\u0117tros \u012fstatymu ir Socialinio verslo subjekto statuso \u012fgijimo ir netekimo tvarkos apra\u0161u.<\/p>","protected":false},"author":547,"featured_media":0,"parent":0,"menu_order":0,"comment_status":"closed","ping_status":"closed","template":"","meta":{"footnotes":""},"class_list":["post-8038","page","type-page","status-publish","hentry"],"yoast_head":"<!-- This site is optimized with the Yoast SEO plugin v27.3 - https:\/\/yoast.com\/product\/yoast-seo-wordpress\/ -->\n<title>Socialinio verslo statuso registracija - Socialinis verslas<\/title>\n<meta name=\"robots\" content=\"index, follow, max-snippet:-1, max-image-preview:large, max-video-preview:-1\" \/>\n<link rel=\"canonical\" href=\"https:\/\/socialinisverslas.inovacijuagentura.lt\/en\/socialinio-verslo-statuso-registracija\/\" \/>\n<meta property=\"og:locale\" content=\"en_US\" \/>\n<meta property=\"og:type\" content=\"article\" \/>\n<meta property=\"og:title\" content=\"Socialinio verslo statuso registracija - Socialinis verslas\" \/>\n<meta property=\"og:description\" content=\"Socialinio verslo statuso registracija Socialinis verslas&nbsp;\u2013&nbsp;ekonomin\u0117 veikla, kuria siekiama visuomenei nauding\u0173 tiksl\u0173, socialinio ar (ir) aplinkosauginio poveikio ir kuri\u0105 vykdo socialinei ekonomikai priskiriami socialinio verslo subjektai. Socialinio verslo statusas vertinamas remiantis Smulkiojo ir vidutinio verslo pl\u0117tros \u012fstatymu ir Socialinio verslo subjekto statuso \u012fgijimo ir netekimo tvarkos apra\u0161u.\" \/>\n<meta property=\"og:url\" content=\"https:\/\/socialinisverslas.inovacijuagentura.lt\/en\/socialinio-verslo-statuso-registracija\/\" \/>\n<meta property=\"og:site_name\" content=\"Socialinis verslas\" \/>\n<meta property=\"article:modified_time\" content=\"2026-01-15T12:58:33+00:00\" \/>\n<meta property=\"og:image\" content=\"https:\/\/socialinisverslas.inovacijuagentura.lt\/wp-content\/uploads\/2025\/02\/So_verslas_web-10.png\" \/>\n\t<meta property=\"og:image:width\" content=\"775\" \/>\n\t<meta property=\"og:image:height\" content=\"775\" \/>\n\t<meta property=\"og:image:type\" content=\"image\/png\" \/>\n<meta name=\"twitter:card\" content=\"summary_large_image\" \/>\n<meta name=\"twitter:label1\" content=\"Est. reading time\" \/>\n\t<meta name=\"twitter:data1\" content=\"1 minute\" \/>\n<script type=\"application\/ld+json\" class=\"yoast-schema-graph\">{\"@context\":\"https:\\\/\\\/schema.org\",\"@graph\":[{\"@type\":\"WebPage\",\"@id\":\"https:\\\/\\\/socialinisverslas.inovacijuagentura.lt\\\/socialinio-verslo-statuso-registracija\\\/\",\"url\":\"https:\\\/\\\/socialinisverslas.inovacijuagentura.lt\\\/socialinio-verslo-statuso-registracija\\\/\",\"name\":\"Socialinio verslo statuso registracija - Socialinis verslas\",\"isPartOf\":{\"@id\":\"https:\\\/\\\/socialinisverslas.inovacijuagentura.lt\\\/#website\"},\"primaryImageOfPage\":{\"@id\":\"https:\\\/\\\/socialinisverslas.inovacijuagentura.lt\\\/socialinio-verslo-statuso-registracija\\\/#primaryimage\"},\"image\":{\"@id\":\"https:\\\/\\\/socialinisverslas.inovacijuagentura.lt\\\/socialinio-verslo-statuso-registracija\\\/#primaryimage\"},\"thumbnailUrl\":\"https:\\\/\\\/socialinisverslas.inovacijuagentura.lt\\\/wp-content\\\/uploads\\\/2025\\\/02\\\/So_verslas_web-10.png\",\"datePublished\":\"2024-11-06T10:49:34+00:00\",\"dateModified\":\"2026-01-15T12:58:33+00:00\",\"breadcrumb\":{\"@id\":\"https:\\\/\\\/socialinisverslas.inovacijuagentura.lt\\\/socialinio-verslo-statuso-registracija\\\/#breadcrumb\"},\"inLanguage\":\"en-US\",\"potentialAction\":[{\"@type\":\"ReadAction\",\"target\":[\"https:\\\/\\\/socialinisverslas.inovacijuagentura.lt\\\/socialinio-verslo-statuso-registracija\\\/\"]}]},{\"@type\":\"ImageObject\",\"inLanguage\":\"en-US\",\"@id\":\"https:\\\/\\\/socialinisverslas.inovacijuagentura.lt\\\/socialinio-verslo-statuso-registracija\\\/#primaryimage\",\"url\":\"https:\\\/\\\/socialinisverslas.inovacijuagentura.lt\\\/wp-content\\\/uploads\\\/2025\\\/02\\\/So_verslas_web-10.png\",\"contentUrl\":\"https:\\\/\\\/socialinisverslas.inovacijuagentura.lt\\\/wp-content\\\/uploads\\\/2025\\\/02\\\/So_verslas_web-10.png\"},{\"@type\":\"BreadcrumbList\",\"@id\":\"https:\\\/\\\/socialinisverslas.inovacijuagentura.lt\\\/socialinio-verslo-statuso-registracija\\\/#breadcrumb\",\"itemListElement\":[{\"@type\":\"ListItem\",\"position\":1,\"name\":\"Home\",\"item\":\"https:\\\/\\\/socialinisverslas.inovacijuagentura.lt\\\/\"},{\"@type\":\"ListItem\",\"position\":2,\"name\":\"Socialinio verslo statuso registracija\"}]},{\"@type\":\"WebSite\",\"@id\":\"https:\\\/\\\/socialinisverslas.inovacijuagentura.lt\\\/#website\",\"url\":\"https:\\\/\\\/socialinisverslas.inovacijuagentura.lt\\\/\",\"name\":\"Socialinis verslas\",\"description\":\"\",\"publisher\":{\"@id\":\"https:\\\/\\\/socialinisverslas.inovacijuagentura.lt\\\/#organization\"},\"potentialAction\":[{\"@type\":\"SearchAction\",\"target\":{\"@type\":\"EntryPoint\",\"urlTemplate\":\"https:\\\/\\\/socialinisverslas.inovacijuagentura.lt\\\/?s={search_term_string}\"},\"query-input\":{\"@type\":\"PropertyValueSpecification\",\"valueRequired\":true,\"valueName\":\"search_term_string\"}}],\"inLanguage\":\"en-US\"},{\"@type\":\"Organization\",\"@id\":\"https:\\\/\\\/socialinisverslas.inovacijuagentura.lt\\\/#organization\",\"name\":\"Socialinis verslas\",\"url\":\"https:\\\/\\\/socialinisverslas.inovacijuagentura.lt\\\/\",\"logo\":{\"@type\":\"ImageObject\",\"inLanguage\":\"en-US\",\"@id\":\"https:\\\/\\\/socialinisverslas.inovacijuagentura.lt\\\/#\\\/schema\\\/logo\\\/image\\\/\",\"url\":\"https:\\\/\\\/socialinisverslas.verslilietuva.lt\\\/wp-content\\\/uploads\\\/2020\\\/12\\\/turiuversla.png\",\"contentUrl\":\"https:\\\/\\\/socialinisverslas.verslilietuva.lt\\\/wp-content\\\/uploads\\\/2020\\\/12\\\/turiuversla.png\",\"width\":418,\"height\":406,\"caption\":\"Socialinis verslas\"},\"image\":{\"@id\":\"https:\\\/\\\/socialinisverslas.inovacijuagentura.lt\\\/#\\\/schema\\\/logo\\\/image\\\/\"}}]}<\/script>\n<!-- \/ Yoast SEO plugin. -->","yoast_head_json":{"title":"Socialinio verslo statuso registracija - Socialinis verslas","robots":{"index":"index","follow":"follow","max-snippet":"max-snippet:-1","max-image-preview":"max-image-preview:large","max-video-preview":"max-video-preview:-1"},"canonical":"https:\/\/socialinisverslas.inovacijuagentura.lt\/en\/socialinio-verslo-statuso-registracija\/","og_locale":"en_US","og_type":"article","og_title":"Socialinio verslo statuso registracija - Socialinis verslas","og_description":"Socialinio verslo statuso registracija Socialinis verslas&nbsp;\u2013&nbsp;ekonomin\u0117 veikla, kuria siekiama visuomenei nauding\u0173 tiksl\u0173, socialinio ar (ir) aplinkosauginio poveikio ir kuri\u0105 vykdo socialinei ekonomikai priskiriami socialinio verslo subjektai. Socialinio verslo statusas vertinamas remiantis Smulkiojo ir vidutinio verslo pl\u0117tros \u012fstatymu ir Socialinio verslo subjekto statuso \u012fgijimo ir netekimo tvarkos apra\u0161u.","og_url":"https:\/\/socialinisverslas.inovacijuagentura.lt\/en\/socialinio-verslo-statuso-registracija\/","og_site_name":"Socialinis verslas","article_modified_time":"2026-01-15T12:58:33+00:00","og_image":[{"width":775,"height":775,"url":"https:\/\/socialinisverslas.inovacijuagentura.lt\/wp-content\/uploads\/2025\/02\/So_verslas_web-10.png","type":"image\/png"}],"twitter_card":"summary_large_image","twitter_misc":{"Est. reading time":"1 minute"},"schema":{"@context":"https:\/\/schema.org","@graph":[{"@type":"WebPage","@id":"https:\/\/socialinisverslas.inovacijuagentura.lt\/socialinio-verslo-statuso-registracija\/","url":"https:\/\/socialinisverslas.inovacijuagentura.lt\/socialinio-verslo-statuso-registracija\/","name":"Socialinio verslo statuso registracija - Socialinis verslas","isPartOf":{"@id":"https:\/\/socialinisverslas.inovacijuagentura.lt\/#website"},"primaryImageOfPage":{"@id":"https:\/\/socialinisverslas.inovacijuagentura.lt\/socialinio-verslo-statuso-registracija\/#primaryimage"},"image":{"@id":"https:\/\/socialinisverslas.inovacijuagentura.lt\/socialinio-verslo-statuso-registracija\/#primaryimage"},"thumbnailUrl":"https:\/\/socialinisverslas.inovacijuagentura.lt\/wp-content\/uploads\/2025\/02\/So_verslas_web-10.png","datePublished":"2024-11-06T10:49:34+00:00","dateModified":"2026-01-15T12:58:33+00:00","breadcrumb":{"@id":"https:\/\/socialinisverslas.inovacijuagentura.lt\/socialinio-verslo-statuso-registracija\/#breadcrumb"},"inLanguage":"en-US","potentialAction":[{"@type":"ReadAction","target":["https:\/\/socialinisverslas.inovacijuagentura.lt\/socialinio-verslo-statuso-registracija\/"]}]},{"@type":"ImageObject","inLanguage":"en-US","@id":"https:\/\/socialinisverslas.inovacijuagentura.lt\/socialinio-verslo-statuso-registracija\/#primaryimage","url":"https:\/\/socialinisverslas.inovacijuagentura.lt\/wp-content\/uploads\/2025\/02\/So_verslas_web-10.png","contentUrl":"https:\/\/socialinisverslas.inovacijuagentura.lt\/wp-content\/uploads\/2025\/02\/So_verslas_web-10.png"},{"@type":"BreadcrumbList","@id":"https:\/\/socialinisverslas.inovacijuagentura.lt\/socialinio-verslo-statuso-registracija\/#breadcrumb","itemListElement":[{"@type":"ListItem","position":1,"name":"Home","item":"https:\/\/socialinisverslas.inovacijuagentura.lt\/"},{"@type":"ListItem","position":2,"name":"Socialinio verslo statuso registracija"}]},{"@type":"WebSite","@id":"https:\/\/socialinisverslas.inovacijuagentura.lt\/#website","url":"https:\/\/socialinisverslas.inovacijuagentura.lt\/","name":"Social Enterprise","description":"","publisher":{"@id":"https:\/\/socialinisverslas.inovacijuagentura.lt\/#organization"},"potentialAction":[{"@type":"SearchAction","target":{"@type":"EntryPoint","urlTemplate":"https:\/\/socialinisverslas.inovacijuagentura.lt\/?s={search_term_string}"},"query-input":{"@type":"PropertyValueSpecification","valueRequired":true,"valueName":"search_term_string"}}],"inLanguage":"en-US"},{"@type":"Organization","@id":"https:\/\/socialinisverslas.inovacijuagentura.lt\/#organization","name":"Social Enterprise","url":"https:\/\/socialinisverslas.inovacijuagentura.lt\/","logo":{"@type":"ImageObject","inLanguage":"en-US","@id":"https:\/\/socialinisverslas.inovacijuagentura.lt\/#\/schema\/logo\/image\/","url":"https:\/\/socialinisverslas.verslilietuva.lt\/wp-content\/uploads\/2020\/12\/turiuversla.png","contentUrl":"https:\/\/socialinisverslas.verslilietuva.lt\/wp-content\/uploads\/2020\/12\/turiuversla.png","width":418,"height":406,"caption":"Socialinis verslas"},"image":{"@id":"https:\/\/socialinisverslas.inovacijuagentura.lt\/#\/schema\/logo\/image\/"}}]}},"_links":{"self":[{"href":"https:\/\/socialinisverslas.inovacijuagentura.lt\/en\/wp-json\/wp\/v2\/pages\/8038","targetHints":{"allow":["GET"]}}],"collection":[{"href":"https:\/\/socialinisverslas.inovacijuagentura.lt\/en\/wp-json\/wp\/v2\/pages"}],"about":[{"href":"https:\/\/socialinisverslas.inovacijuagentura.lt\/en\/wp-json\/wp\/v2\/types\/page"}],"author":[{"embeddable":true,"href":"https:\/\/socialinisverslas.inovacijuagentura.lt\/en\/wp-json\/wp\/v2\/users\/547"}],"replies":[{"embeddable":true,"href":"https:\/\/socialinisverslas.inovacijuagentura.lt\/en\/wp-json\/wp\/v2\/comments?post=8038"}],"version-history":[{"count":2,"href":"https:\/\/socialinisverslas.inovacijuagentura.lt\/en\/wp-json\/wp\/v2\/pages\/8038\/revisions"}],"predecessor-version":[{"id":8169,"href":"https:\/\/socialinisverslas.inovacijuagentura.lt\/en\/wp-json\/wp\/v2\/pages\/8038\/revisions\/8169"}],"wp:attachment":[{"href":"https:\/\/socialinisverslas.inovacijuagentura.lt\/en\/wp-json\/wp\/v2\/media?parent=8038"}],"curies":[{"name":"wp","href":"https:\/\/api.w.org\/{rel}","templated":true}]}}